{"id":4741,"date":"2023-04-04T17:57:04","date_gmt":"2023-04-04T17:57:04","guid":{"rendered":"https:\/\/otomatec.com\/product\/dsg-7-dq200-mechatronic-accumulator-original\/"},"modified":"2025-01-01T09:42:42","modified_gmt":"2025-01-01T09:42:42","slug":"dsg-7-dq200-mechatronic-accumulator-original","status":"publish","type":"product","link":"https:\/\/otomatec.com\/tr\/urun\/dsg-7-dq200-mechatronic-accumulator-original\/","title":{"rendered":"DSG 7 \/ DQ200 Mekatronik Ak\u00fcm\u00fclat\u00f6r (Orijinal)"},"content":{"rendered":"<p>Hidrolik bas\u0131n\u00e7, Otomatec orijinal ak\u00fcm\u00fclat\u00f6r\u00fcnde depolan\u0131r ve \u015fanz\u0131man\u0131n vites de\u011fi\u015ftirme mekanizmas\u0131n\u0131 \u00e7al\u0131\u015ft\u0131rmak i\u00e7in kullan\u0131l\u0131r. \u015eanz\u0131man\u0131n \u00f6nemli bir par\u00e7as\u0131 olan ak\u00fcm\u00fclat\u00f6r, vites ge\u00e7i\u015flerinin d\u00fczg\u00fcn olmas\u0131na yard\u0131mc\u0131 olur ve \u015fanz\u0131man\u0131n di\u011fer par\u00e7alar\u0131ndaki a\u015f\u0131nmay\u0131 ve zorlanmay\u0131 azalt\u0131r. Ancak zamanla ak\u00fcm\u00fclat\u00f6r kendi a\u015f\u0131nma ve y\u0131pranmas\u0131na maruz kalabilir ve bu da \u015fanz\u0131manla ilgili bir dizi soruna neden olabilir. Sert vites de\u011fi\u015ftirme, gecikmeli vites de\u011fi\u015ftirme ve kayan vitesler, k\u00f6t\u00fc bir ak\u00fcm\u00fclat\u00f6r\u00fcn tipik belirtileridir.<\/p>\n<h2>Uyumlu Markalar<\/h2>\n<p>Volkswagen, Audi, Seat, Skoda<\/p>\n<h2>Uyumlu \u015eanz\u0131manlar<\/h2>\n<p>T\u00fcm DSG7 \/ DQ200 \u015fanz\u0131manlar\u0131yla uyumludur<br \/>\n0AM 325 025 M Z1L<br \/>\n0AM 325 025 M Z2B<br \/>\n0AM 325 025 M Z2N<br \/>\n0AM 325 025K Z6D<br \/>\n0AM 325 025K Z6C<br \/>\n0AM 325 025K Z6T<\/p>\n<p>0AM 927 769 D<br \/>\n0AM 927 769 K<br \/>\n0AM 927 769 G<br \/>\n0AM 325 025 D<br \/>\n0AM 325 025 H<br \/>\n0AM 325 065 N<br \/>\n0AM 325 025 J<br \/>\n0AM 325 065 L<br \/>\n0AM 325 065 S<\/p>\n<h2>Uyumlu Modeller<\/h2>\n<p>Audi A1 2008-2011 1.4l 1.6l 7 vites<br \/>\nAudi A1 (8X) 7 vitesli \u00e7ift kavramal\u0131 \u015fanz\u0131man Model Y\u0131llar\u0131 2011-2016<br \/>\nAudi A3 (8P, 8V) 7 vitesli \u00e7ift kavramal\u0131 \u015fanz\u0131man Model Y\u0131llar\u0131 2008-2016<br \/>\nAudi Q3 2011 1.4l 1.6l 1.8l 7 vites<br \/>\nAudi TT (8J) 7 vitesli \u00e7ift kavramal\u0131 \u015fanz\u0131man Model Y\u0131llar\u0131 2012-2016<br \/>\nSEAT Altea \/ XL 2009-2011 1.6l 1.8l 7 vites<br \/>\nSEAT Ibiza 2009-2011 1.2l 1.4l 1.6l 7 vites<br \/>\nSEAT Leon 2007-2011 1.8l 7 h\u0131z<br \/>\nSkoda Fabia 2010- 2011 2013-2015 7 h\u0131z<br \/>\nSkoda Modela 2011 1.4l 1.6l 7 h\u0131z<br \/>\nSkoda Octavia Model Y\u0131llar\u0131 2009-2015 7 h\u0131z<br \/>\nSkoda Superb Model Y\u0131llar\u0131 2008-2015 7 h\u0131z<br \/>\nSkoda Rapid Model Y\u0131llar\u0131 2014-2015 7 h\u0131z<br \/>\nSkoda Roomster Model Y\u0131llar\u0131 2013-2014 7 h\u0131z<br \/>\nSkoda Yeti Model Y\u0131llar\u0131 2013-2015 7 h\u0131z<br \/>\nVolkswagen Beetle \/ \u00fcst\u00fc a\u00e7\u0131k Model Y\u0131llar\u0131 2011-2015 7 h\u0131z<br \/>\nVolkswagen Bora 2010-2011 1.4l 1.6l 7 h\u0131z<br \/>\nVolkswagen Caddy Model Y\u0131llar\u0131 2010-2015 7 h\u0131z<br \/>\nVolkswagen Golf \/ Golf Plus Model Y\u0131llar\u0131 2007-2015 7 vites<br \/>\nVolkswagen Jetta \/ Jetta Wagon Model Y\u0131llar\u0131 2008-2015 7 vites<br \/>\nVolkswagen Lavida 2010-2011 1.4l 1.6l 7 vites<br \/>\nVolkswagen Passat Model Y\u0131llar\u0131 2008-2015 7 vites<br \/>\nVolkswagen Polo Model Y\u0131llar\u0131 2007-2015 7 vites<br \/>\nVolkswagen Sagitar 2009-2011 1.4l 7 vites<br \/>\nVolkswagen Scirocco 2008-2011 1.4l 7 vites<br \/>\nVolkswagen Sharan 2010-2011 1.4l 7 vites<br \/>\nVolkswagen Tiguan 2011 1.8l 7 vites<br \/>\nVolkswagen Touran 2010-2011 1.4l 1.6l 1.8l 7 vites<\/p>\n","protected":false},"excerpt":{"rendered":"<p>DSG 7\/DQ200 i\u00e7in orijinal mekatronik ak\u00fcm\u00fclat\u00f6r, \u015fanz\u0131man i\u00e7indeki hidrolik bas\u0131nc\u0131 d\u00fczenler. Bu bile\u015fen, hidrolik enerjiyi gerekti\u011fi gibi depolay\u0131p serbest b\u0131rakarak istikrarl\u0131 ve verimli vites ge\u00e7i\u015fleri sa\u011flar. Orijinal bir par\u00e7a kullanmak, uyumlulu\u011fu ve g\u00fcvenilirli\u011fi garanti eder, ar\u0131za riskini azalt\u0131r ve \u015fanz\u0131man\u0131n en y\u00fcksek performans\u0131n\u0131 korur.<\/p>\n","protected":false},"featured_media":3951,"template":"","meta":{"site-sidebar-layout":"default","site-content-layout":"default","ast-site-content-layout":"default","site-content-style":"default","site-sidebar-style":"default","ast-global-header-display":"","ast-banner-title-visibility":"","ast-main-header-display":"","ast-hfb-above-header-display":"","ast-hfb-below-header-display":"","ast-hfb-mobile-header-display":"","site-post-title":"","ast-breadcrumbs-content":"","ast-featured-img":"","footer-sml-layout":"","theme-transparent-header-meta":"default","adv-header-id-meta":"","stick-header-meta":"","header-above-stick-meta":"","header-main-stick-meta":"","header-below-stick-meta":"","astra-migrate-meta-layouts":"set","ast-page-background-enabled":"default","ast-page-background-meta":{"desktop":{"background-color":"var(--ast-global-color-4)","background-image":"","background-repeat":"repeat","background-position":"center center","background-size":"auto","background-attachment":"scroll","background-type":"","background-media":"","overlay-type":"","overlay-color":"","overlay-opacity":"","overlay-gradient":""},"tablet":{"background-color":"","background-image":"","background-repeat":"repeat","background-position":"center center","background-size":"auto","background-attachment":"scroll","background-type":"","background-media":"","overlay-type":"","overlay-color":"","overlay-opacity":"","overlay-gradient":""},"mobile":{"background-color":"","background-image":"","background-repeat":"repeat","background-position":"center center","background-size":"auto","background-attachment":"scroll","background-type":"","background-media":"","overlay-type":"","overlay-color":"","overlay-opacity":"","overlay-gradient":""}},"ast-content-background-meta":{"desktop":{"background-color":"var(--ast-global-color-5)","background-image":"","background-repeat":"repeat","background-position":"center center","background-size":"auto","background-attachment":"scroll","background-type":"","background-media":"","overlay-type":"","overlay-color":"","overlay-opacity":"","overlay-gradient":""},"tablet":{"background-color":"var(--ast-global-color-5)","background-image":"","background-repeat":"repeat","background-position":"center center","background-size":"auto","background-attachment":"scroll","background-type":"","background-media":"","overlay-type":"","overlay-color":"","overlay-opacity":"","overlay-gradient":""},"mobile":{"background-color":"var(--ast-global-color-5)","background-image":"","background-repeat":"repeat","background-position":"center center","background-size":"auto","background-attachment":"scroll","background-type":"","background-media":"","overlay-type":"","overlay-color":"","overlay-opacity":"","overlay-gradient":""}}},"product_brand":[],"product_cat":[82],"product_tag":[],"class_list":{"0":"post-4741","1":"product","2":"type-product","3":"status-publish","4":"has-post-thumbnail","6":"product_cat-gearbox-tr","7":"desktop-align-left","8":"tablet-align-left","9":"mobile-align-left","10":"ast-product-gallery-layout-vertical-slider","11":"ast-magnify-disabled","12":"ast-product-tabs-layout-vertical","14":"first","15":"instock","16":"shipping-taxable","17":"product-type-simple"},"yoast_head":"<!-- This site is optimized with the Yoast SEO plugin v25.2 - https:\/\/yoast.com\/wordpress\/plugins\/seo\/ -->\n<title>DSG 7 \/ DQ200 Mekatronik Ak\u00fcm\u00fclat\u00f6r (Orijinal) - Otomatec<\/title>\n<meta name=\"description\" content=\"DSG Accumulator, a crucial component of the DQ200 0AM transmission, is in charge of maintaining hydraulic pressure and facilitating seamless gear changes.\" \/>\n<meta name=\"robots\" content=\"index, follow, max-snippet:-1, max-image-preview:large, max-video-preview:-1\" \/>\n<link rel=\"canonical\" href=\"https:\/\/otomatec.com\/tr\/urun\/dsg-7-dq200-mechatronic-accumulator-original\/\" \/>\n<meta property=\"og:locale\" content=\"tr_TR\" \/>\n<meta property=\"og:type\" content=\"article\" \/>\n<meta property=\"og:title\" content=\"DSG 7 \/ DQ200 Mekatronik Ak\u00fcm\u00fclat\u00f6r (Orijinal) - Otomatec\" \/>\n<meta property=\"og:description\" content=\"DSG Accumulator, a crucial component of the DQ200 0AM transmission, is in charge of maintaining hydraulic pressure and facilitating seamless gear changes.\" \/>\n<meta property=\"og:url\" content=\"https:\/\/otomatec.com\/tr\/urun\/dsg-7-dq200-mechatronic-accumulator-original\/\" \/>\n<meta property=\"og:site_name\" content=\"Otomatec\" \/>\n<meta property=\"article:modified_time\" content=\"2025-01-01T09:42:42+00:00\" \/>\n<meta property=\"og:image\" content=\"https:\/\/otomatec.com\/wp-content\/uploads\/2024\/08\/2.png\" \/>\n\t<meta property=\"og:image:width\" content=\"500\" \/>\n\t<meta property=\"og:image:height\" content=\"500\" \/>\n\t<meta property=\"og:image:type\" content=\"image\/png\" \/>\n<meta name=\"twitter:card\" content=\"summary_large_image\" \/>\n<meta name=\"twitter:label1\" content=\"Tahmini okuma s\u00fcresi\" \/>\n\t<meta name=\"twitter:data1\" content=\"2 dakika\" \/>\n<script type=\"application\/ld+json\" class=\"yoast-schema-graph\">{\"@context\":\"https:\/\/schema.org\",\"@graph\":[{\"@type\":\"WebPage\",\"@id\":\"https:\/\/otomatec.com\/tr\/urun\/dsg-7-dq200-mechatronic-accumulator-original\/\",\"url\":\"https:\/\/otomatec.com\/tr\/urun\/dsg-7-dq200-mechatronic-accumulator-original\/\",\"name\":\"DSG 7 \/ DQ200 Mekatronik Ak\u00fcm\u00fclat\u00f6r (Orijinal) - Otomatec\",\"isPartOf\":{\"@id\":\"https:\/\/otomatec.com\/tr\/#website\"},\"primaryImageOfPage\":{\"@id\":\"https:\/\/otomatec.com\/tr\/urun\/dsg-7-dq200-mechatronic-accumulator-original\/#primaryimage\"},\"image\":{\"@id\":\"https:\/\/otomatec.com\/tr\/urun\/dsg-7-dq200-mechatronic-accumulator-original\/#primaryimage\"},\"thumbnailUrl\":\"https:\/\/otomatec.com\/wp-content\/uploads\/2024\/08\/2.png\",\"datePublished\":\"2023-04-04T17:57:04+00:00\",\"dateModified\":\"2025-01-01T09:42:42+00:00\",\"description\":\"DSG Accumulator, a crucial component of the DQ200 0AM transmission, is in charge of maintaining hydraulic pressure and facilitating seamless gear changes.\",\"breadcrumb\":{\"@id\":\"https:\/\/otomatec.com\/tr\/urun\/dsg-7-dq200-mechatronic-accumulator-original\/#breadcrumb\"},\"inLanguage\":\"tr\",\"potentialAction\":[{\"@type\":\"ReadAction\",\"target\":[\"https:\/\/otomatec.com\/tr\/urun\/dsg-7-dq200-mechatronic-accumulator-original\/\"]}]},{\"@type\":\"ImageObject\",\"inLanguage\":\"tr\",\"@id\":\"https:\/\/otomatec.com\/tr\/urun\/dsg-7-dq200-mechatronic-accumulator-original\/#primaryimage\",\"url\":\"https:\/\/otomatec.com\/wp-content\/uploads\/2024\/08\/2.png\",\"contentUrl\":\"https:\/\/otomatec.com\/wp-content\/uploads\/2024\/08\/2.png\",\"width\":500,\"height\":500},{\"@type\":\"BreadcrumbList\",\"@id\":\"https:\/\/otomatec.com\/tr\/urun\/dsg-7-dq200-mechatronic-accumulator-original\/#breadcrumb\",\"itemListElement\":[{\"@type\":\"ListItem\",\"position\":1,\"name\":\"Home\",\"item\":\"https:\/\/otomatec.com\/tr\/\"},{\"@type\":\"ListItem\",\"position\":2,\"name\":\"Shop\",\"item\":\"https:\/\/otomatec.com\/tr\/shop\/\"},{\"@type\":\"ListItem\",\"position\":3,\"name\":\"DSG 7 \/ DQ200 Mekatronik Ak\u00fcm\u00fclat\u00f6r (Orijinal)\"}]},{\"@type\":\"WebSite\",\"@id\":\"https:\/\/otomatec.com\/tr\/#website\",\"url\":\"https:\/\/otomatec.com\/tr\/\",\"name\":\"Otomatec\",\"description\":\"DSG Repair Kit\",\"publisher\":{\"@id\":\"https:\/\/otomatec.com\/tr\/#organization\"},\"potentialAction\":[{\"@type\":\"SearchAction\",\"target\":{\"@type\":\"EntryPoint\",\"urlTemplate\":\"https:\/\/otomatec.com\/tr\/?s={search_term_string}\"},\"query-input\":{\"@type\":\"PropertyValueSpecification\",\"valueRequired\":true,\"valueName\":\"search_term_string\"}}],\"inLanguage\":\"tr\"},{\"@type\":\"Organization\",\"@id\":\"https:\/\/otomatec.com\/tr\/#organization\",\"name\":\"Otomatec Autmotive Ltd.\",\"url\":\"https:\/\/otomatec.com\/tr\/\",\"logo\":{\"@type\":\"ImageObject\",\"inLanguage\":\"tr\",\"@id\":\"https:\/\/otomatec.com\/tr\/#\/schema\/logo\/image\/\",\"url\":\"https:\/\/otomatec.com\/wp-content\/uploads\/2022\/12\/Otomatec-4-1.png\",\"contentUrl\":\"https:\/\/otomatec.com\/wp-content\/uploads\/2022\/12\/Otomatec-4-1.png\",\"width\":475,\"height\":82,\"caption\":\"Otomatec Autmotive Ltd.\"},\"image\":{\"@id\":\"https:\/\/otomatec.com\/tr\/#\/schema\/logo\/image\/\"}}]}<\/script>\n<!-- \/ Yoast SEO plugin. -->","yoast_head_json":{"title":"DSG 7 \/ DQ200 Mekatronik Ak\u00fcm\u00fclat\u00f6r (Orijinal) - Otomatec","description":"DSG Accumulator, a crucial component of the DQ200 0AM transmission, is in charge of maintaining hydraulic pressure and facilitating seamless gear changes.","robots":{"index":"index","follow":"follow","max-snippet":"max-snippet:-1","max-image-preview":"max-image-preview:large","max-video-preview":"max-video-preview:-1"},"canonical":"https:\/\/otomatec.com\/tr\/urun\/dsg-7-dq200-mechatronic-accumulator-original\/","og_locale":"tr_TR","og_type":"article","og_title":"DSG 7 \/ DQ200 Mekatronik Ak\u00fcm\u00fclat\u00f6r (Orijinal) - Otomatec","og_description":"DSG Accumulator, a crucial component of the DQ200 0AM transmission, is in charge of maintaining hydraulic pressure and facilitating seamless gear changes.","og_url":"https:\/\/otomatec.com\/tr\/urun\/dsg-7-dq200-mechatronic-accumulator-original\/","og_site_name":"Otomatec","article_modified_time":"2025-01-01T09:42:42+00:00","og_image":[{"width":500,"height":500,"url":"https:\/\/otomatec.com\/wp-content\/uploads\/2024\/08\/2.png","type":"image\/png"}],"twitter_card":"summary_large_image","twitter_misc":{"Tahmini okuma s\u00fcresi":"2 dakika"},"schema":{"@context":"https:\/\/schema.org","@graph":[{"@type":"WebPage","@id":"https:\/\/otomatec.com\/tr\/urun\/dsg-7-dq200-mechatronic-accumulator-original\/","url":"https:\/\/otomatec.com\/tr\/urun\/dsg-7-dq200-mechatronic-accumulator-original\/","name":"DSG 7 \/ DQ200 Mekatronik Ak\u00fcm\u00fclat\u00f6r (Orijinal) - Otomatec","isPartOf":{"@id":"https:\/\/otomatec.com\/tr\/#website"},"primaryImageOfPage":{"@id":"https:\/\/otomatec.com\/tr\/urun\/dsg-7-dq200-mechatronic-accumulator-original\/#primaryimage"},"image":{"@id":"https:\/\/otomatec.com\/tr\/urun\/dsg-7-dq200-mechatronic-accumulator-original\/#primaryimage"},"thumbnailUrl":"https:\/\/otomatec.com\/wp-content\/uploads\/2024\/08\/2.png","datePublished":"2023-04-04T17:57:04+00:00","dateModified":"2025-01-01T09:42:42+00:00","description":"DSG Accumulator, a crucial component of the DQ200 0AM transmission, is in charge of maintaining hydraulic pressure and facilitating seamless gear changes.","breadcrumb":{"@id":"https:\/\/otomatec.com\/tr\/urun\/dsg-7-dq200-mechatronic-accumulator-original\/#breadcrumb"},"inLanguage":"tr","potentialAction":[{"@type":"ReadAction","target":["https:\/\/otomatec.com\/tr\/urun\/dsg-7-dq200-mechatronic-accumulator-original\/"]}]},{"@type":"ImageObject","inLanguage":"tr","@id":"https:\/\/otomatec.com\/tr\/urun\/dsg-7-dq200-mechatronic-accumulator-original\/#primaryimage","url":"https:\/\/otomatec.com\/wp-content\/uploads\/2024\/08\/2.png","contentUrl":"https:\/\/otomatec.com\/wp-content\/uploads\/2024\/08\/2.png","width":500,"height":500},{"@type":"BreadcrumbList","@id":"https:\/\/otomatec.com\/tr\/urun\/dsg-7-dq200-mechatronic-accumulator-original\/#breadcrumb","itemListElement":[{"@type":"ListItem","position":1,"name":"Home","item":"https:\/\/otomatec.com\/tr\/"},{"@type":"ListItem","position":2,"name":"Shop","item":"https:\/\/otomatec.com\/tr\/shop\/"},{"@type":"ListItem","position":3,"name":"DSG 7 \/ DQ200 Mekatronik Ak\u00fcm\u00fclat\u00f6r (Orijinal)"}]},{"@type":"WebSite","@id":"https:\/\/otomatec.com\/tr\/#website","url":"https:\/\/otomatec.com\/tr\/","name":"Otomatec","description":"DSG Repair Kit","publisher":{"@id":"https:\/\/otomatec.com\/tr\/#organization"},"potentialAction":[{"@type":"SearchAction","target":{"@type":"EntryPoint","urlTemplate":"https:\/\/otomatec.com\/tr\/?s={search_term_string}"},"query-input":{"@type":"PropertyValueSpecification","valueRequired":true,"valueName":"search_term_string"}}],"inLanguage":"tr"},{"@type":"Organization","@id":"https:\/\/otomatec.com\/tr\/#organization","name":"Otomatec Autmotive Ltd.","url":"https:\/\/otomatec.com\/tr\/","logo":{"@type":"ImageObject","inLanguage":"tr","@id":"https:\/\/otomatec.com\/tr\/#\/schema\/logo\/image\/","url":"https:\/\/otomatec.com\/wp-content\/uploads\/2022\/12\/Otomatec-4-1.png","contentUrl":"https:\/\/otomatec.com\/wp-content\/uploads\/2022\/12\/Otomatec-4-1.png","width":475,"height":82,"caption":"Otomatec Autmotive Ltd."},"image":{"@id":"https:\/\/otomatec.com\/tr\/#\/schema\/logo\/image\/"}}]}},"_links":{"self":[{"href":"https:\/\/otomatec.com\/tr\/wp-json\/wp\/v2\/product\/4741","targetHints":{"allow":["GET"]}}],"collection":[{"href":"https:\/\/otomatec.com\/tr\/wp-json\/wp\/v2\/product"}],"about":[{"href":"https:\/\/otomatec.com\/tr\/wp-json\/wp\/v2\/types\/product"}],"wp:featuredmedia":[{"embeddable":true,"href":"https:\/\/otomatec.com\/tr\/wp-json\/wp\/v2\/media\/3951"}],"wp:attachment":[{"href":"https:\/\/otomatec.com\/tr\/wp-json\/wp\/v2\/media?parent=4741"}],"wp:term":[{"taxonomy":"product_brand","embeddable":true,"href":"https:\/\/otomatec.com\/tr\/wp-json\/wp\/v2\/product_brand?post=4741"},{"taxonomy":"product_cat","embeddable":true,"href":"https:\/\/otomatec.com\/tr\/wp-json\/wp\/v2\/product_cat?post=4741"},{"taxonomy":"product_tag","embeddable":true,"href":"https:\/\/otomatec.com\/tr\/wp-json\/wp\/v2\/product_tag?post=4741"}],"curies":[{"name":"wp","href":"https:\/\/api.w.org\/{rel}","templated":true}]}}