{"id":4735,"date":"2024-08-23T14:04:46","date_gmt":"2024-08-23T14:04:46","guid":{"rendered":"https:\/\/otomatec.com\/product\/dsg-7-dq200-mechatronic-accumulator-torx\/"},"modified":"2025-01-01T00:47:59","modified_gmt":"2025-01-01T00:47:59","slug":"dsg-7-dq200-mechatronic-accumulator-torx","status":"publish","type":"product","link":"https:\/\/otomatec.com\/tr\/urun\/dsg-7-dq200-mechatronic-accumulator-torx\/","title":{"rendered":"DSG 7 \/ DQ200 Mekatronik Ak\u00fcm\u00fclat\u00f6r (Torx)"},"content":{"rendered":"<p>D\u00fcnyan\u0131n lider g\u00fc\u00e7lendirilmi\u015f DSG Ak\u00fcm\u00fclat\u00f6r \u00fcreticisi ve sat\u0131c\u0131s\u0131 Otomatec&#8217;tir. Geli\u015ftirdi\u011fimiz \u00fcr\u00fcnle, orijinal DSG Bas\u0131n\u00e7 T\u00fcp\u00fc nedeniyle olu\u015fan t\u00fcp gev\u015femesi, o-ring ezilmesi ve plaka \u00e7atlaklar\u0131 nedeniyle olu\u015fan vites de\u011fi\u015ftirme zorluklar\u0131ndan kurtulacaks\u0131n\u0131z. DSG 7 DQ200 tamir seti, birinci s\u0131n\u0131f \u00e7elikten yap\u0131lm\u0131\u015f bir hidrolik ak\u00fcm\u00fclat\u00f6rden olu\u015fur. Kolay kurulum i\u00e7in tasarlanm\u0131\u015f \u00fcr\u00fcn\u00fcm\u00fczle, sorunlar\u0131n\u0131z\u0131 bir saatten k\u0131sa s\u00fcrede \u00e7\u00f6zebilirsiniz.<\/p>\n<h2>\u00c7\u00f6z\u00fclen Hata Kodlar\u0131<\/h2>\n<p>P189C \/ 006300 \u2013 Yetersiz Bas\u0131n\u00e7 Olu\u015fumu Nedeniyle \u0130\u015flev K\u0131s\u0131tlamas\u0131<br \/>\nP17BF \/ 06079 \u2013 Pompa Korumas\u0131 Maksimum S\u0131n\u0131r\u0131na Ula\u015f\u0131ld\u0131<br \/>\nP1895 \u2013 Bas\u0131n\u00e7 D\u00fc\u015f\u00fc\u015f\u00fc Nedeniyle K\u0131s\u0131tlama<\/p>\n<h2>Uyumlu Markalar<\/h2>\n<p>Volkswagen, Audi, Seat, Skoda<\/p>\n<h2>Uyumlu \u015eanz\u0131manlar<\/h2>\n<p>T\u00fcm DSG7 \/ DQ200 \u015fanz\u0131manlar\u0131yla uyumludur<br \/>\n0AM 325 025 M Z1L<br \/>\n0AM 325 025 M Z2B<br \/>\n0AM 325 025 M Z2N<br \/>\n0AM 325 025K Z6D<br \/>\n0AM 325 025K Z6C<br \/>\n0AM 325 025K Z6T<\/p>\n<p>0AM 927 769 D<br \/>\n0AM 927 769 K<br \/>\n0AM 927 769 G<br \/>\n0AM 325 025 D<br \/>\n0AM 325 025 H<br \/>\n0AM 325 065 N<br \/>\n0AM 325 025 J<br \/>\n0AM 325 065 L<br \/>\n0AM 325 065 S<\/p>\n<h2>Uyumlu Modeller<\/h2>\n<p>Audi A1 2008-2011 1.4l 1.6l 7 ileri<br \/>\nAudi A1 (8X) 7 ileri \u00e7ift kavramal\u0131 \u015fanz\u0131man Model Y\u0131llar\u0131 2011-2016<br \/>\nAudi A3 (8P, 8V) 7 ileri \u00e7ift kavramal\u0131 \u015fanz\u0131man Model Y\u0131llar\u0131 2008-2016<br \/>\nAudi Q3 2011 1.4l 1.6l 1.8l 7 ileri<br \/>\nAudi TT (8J) 7 ileri \u00e7ift kavramal\u0131 \u015fanz\u0131man Model Y\u0131llar\u0131 2012-2016<br \/>\nSEAT Altea \/ XL 2009-2011 1.6l 1.8l 7 vites<br \/>\nSEAT Ibiza 2009-2011 1.2l 1.4l 1.6l 7 vites<br \/>\nSEAT Leon 2007-2011 1.8l 7 vites<br \/>\nSkoda Fabia 2010- 2011 2013-2015 7 vites<br \/>\nSkoda Modela 2011 1.4l 1.6l 7 vites<br \/>\nSkoda Octavia Model Y\u0131llar\u0131 2009-2015 7 vites<br \/>\nSkoda Superb Model Y\u0131llar\u0131 2008-2015 7 vites<br \/>\nSkoda Rapid Model Y\u0131llar\u0131 2014-2015 7 vites<br \/>\nSkoda Roomster Model Y\u0131llar\u0131 2013-2014 7 vites<br \/>\nSkoda Yeti Model Y\u0131llar\u0131 2013-2015 7 h\u0131z<br \/>\nVolkswagen Beetle \/ convertible Model Y\u0131llar\u0131 2011-2015 7 h\u0131z<br \/>\nVolkswagen Bora 2010-2011 1.4l 1.6l 7 h\u0131z<br \/>\nVolkswagen Caddy Model Y\u0131llar\u0131 2010-2015 7 h\u0131z<br \/>\nVolkswagen Golf \/ Golf Plus Model Y\u0131llar\u0131 2007-2015 7 h\u0131z<br \/>\nVolkswagen Jetta \/ Jetta Wagon Model Y\u0131llar\u0131 2008-2015 7 h\u0131z<br \/>\nVolkswagen Lavida 2010-2011 1.4l 1.6l 7 h\u0131z<br \/>\nVolkswagen Passat Model Y\u0131llar\u0131 2008-2015 7 h\u0131z<br \/>\nVolkswagen Polo Model Y\u0131llar\u0131 2007-2015 7 h\u0131z<br \/>\nVolkswagen Sagitar 2009-2011 1.4l 7 h\u0131z<br \/>\nVolkswagen Scirocco 2008-2011 1.4l 7 vites<br \/>\nVolkswagen Sharan 2010-2011 1.4l 7 vites<br \/>\nVolkswagen Tiguan 2011 1.8l 7 vites<br \/>\nVolkswagen Touran 2010-2011 1.4l 1.6l 1.8l 7 vites<\/p>\n","protected":false},"excerpt":{"rendered":"<p>Otomatec DSG Onar\u0131m Kiti, DSG \u015fanz\u0131man\u0131ndaki P17BF, P189C ve P1895 ar\u0131za kodlar\u0131n\u0131 \u00e7\u00f6zer. Bu kit, d\u00fczensiz vites de\u011fi\u015ftirme ve g\u00fc\u00e7 kayb\u0131 gibi yayg\u0131n \u015fanz\u0131man sorunlar\u0131n\u0131 gidermeye yard\u0131mc\u0131 olan mekatronik \u00fcnite i\u00e7in yedek par\u00e7alar i\u00e7erir. S\u00fcr\u00fcc\u00fcler bu kiti kullanarak DSG \u015fanz\u0131manlar\u0131n\u0131n performans\u0131n\u0131 geri kazanabilir ve s\u00fcr\u00fc\u015f deneyimlerini geli\u015ftirebilirler.<\/p>\n<p>\u00dcr\u00fcn\u00fcm\u00fcz 2 y\u0131ll\u0131k garantiye ve 5 y\u0131ll\u0131k sat\u0131\u015f sonras\u0131 deste\u011fe sahiptir.<\/p>\n<p>T\u00fcm DSG 7\/DQ200 \u015fanz\u0131manlar\u0131yla uyumludur.<\/p>\n","protected":false},"featured_media":4134,"template":"","meta":{"site-sidebar-layout":"default","site-content-layout":"default","ast-site-content-layout":"default","site-content-style":"default","site-sidebar-style":"default","ast-global-header-display":"","ast-banner-title-visibility":"","ast-main-header-display":"","ast-hfb-above-header-display":"","ast-hfb-below-header-display":"","ast-hfb-mobile-header-display":"","site-post-title":"","ast-breadcrumbs-content":"","ast-featured-img":"","footer-sml-layout":"","theme-transparent-header-meta":"default","adv-header-id-meta":"","stick-header-meta":"","header-above-stick-meta":"","header-main-stick-meta":"","header-below-stick-meta":"","astra-migrate-meta-layouts":"set","ast-page-background-enabled":"default","ast-page-background-meta":{"desktop":{"background-color":"var(--ast-global-color-4)","background-image":"","background-repeat":"repeat","background-position":"center center","background-size":"auto","background-attachment":"scroll","background-type":"","background-media":"","overlay-type":"","overlay-color":"","overlay-opacity":"","overlay-gradient":""},"tablet":{"background-color":"","background-image":"","background-repeat":"repeat","background-position":"center center","background-size":"auto","background-attachment":"scroll","background-type":"","background-media":"","overlay-type":"","overlay-color":"","overlay-opacity":"","overlay-gradient":""},"mobile":{"background-color":"","background-image":"","background-repeat":"repeat","background-position":"center center","background-size":"auto","background-attachment":"scroll","background-type":"","background-media":"","overlay-type":"","overlay-color":"","overlay-opacity":"","overlay-gradient":""}},"ast-content-background-meta":{"desktop":{"background-color":"var(--ast-global-color-5)","background-image":"","background-repeat":"repeat","background-position":"center center","background-size":"auto","background-attachment":"scroll","background-type":"","background-media":"","overlay-type":"","overlay-color":"","overlay-opacity":"","overlay-gradient":""},"tablet":{"background-color":"var(--ast-global-color-5)","background-image":"","background-repeat":"repeat","background-position":"center center","background-size":"auto","background-attachment":"scroll","background-type":"","background-media":"","overlay-type":"","overlay-color":"","overlay-opacity":"","overlay-gradient":""},"mobile":{"background-color":"var(--ast-global-color-5)","background-image":"","background-repeat":"repeat","background-position":"center center","background-size":"auto","background-attachment":"scroll","background-type":"","background-media":"","overlay-type":"","overlay-color":"","overlay-opacity":"","overlay-gradient":""}}},"product_brand":[],"product_cat":[82],"product_tag":[],"class_list":{"0":"post-4735","1":"product","2":"type-product","3":"status-publish","4":"has-post-thumbnail","6":"product_cat-gearbox-tr","7":"desktop-align-left","8":"tablet-align-left","9":"mobile-align-left","10":"ast-product-gallery-layout-vertical-slider","11":"ast-magnify-disabled","12":"ast-product-tabs-layout-vertical","14":"first","15":"instock","16":"shipping-taxable","17":"product-type-simple"},"yoast_head":"<!-- This site is optimized with the Yoast SEO plugin v25.2 - https:\/\/yoast.com\/wordpress\/plugins\/seo\/ -->\n<title>DSG 7 \/ DQ200 Mekatronik Ak\u00fcm\u00fclat\u00f6r (Torx) - Otomatec<\/title>\n<meta name=\"robots\" content=\"index, follow, max-snippet:-1, max-image-preview:large, max-video-preview:-1\" \/>\n<link rel=\"canonical\" href=\"https:\/\/otomatec.com\/tr\/urun\/dsg-7-dq200-mechatronic-accumulator-torx\/\" \/>\n<meta property=\"og:locale\" content=\"tr_TR\" \/>\n<meta property=\"og:type\" content=\"article\" \/>\n<meta property=\"og:title\" content=\"DSG 7 \/ DQ200 Mekatronik Ak\u00fcm\u00fclat\u00f6r (Torx) - Otomatec\" \/>\n<meta property=\"og:description\" content=\"Otomatec DSG Onar\u0131m Kiti, DSG \u015fanz\u0131man\u0131ndaki P17BF, P189C ve P1895 ar\u0131za kodlar\u0131n\u0131 \u00e7\u00f6zer. Bu kit, d\u00fczensiz vites de\u011fi\u015ftirme ve g\u00fc\u00e7 kayb\u0131 gibi yayg\u0131n \u015fanz\u0131man sorunlar\u0131n\u0131 gidermeye yard\u0131mc\u0131 olan mekatronik \u00fcnite i\u00e7in yedek par\u00e7alar i\u00e7erir. S\u00fcr\u00fcc\u00fcler bu kiti kullanarak DSG \u015fanz\u0131manlar\u0131n\u0131n performans\u0131n\u0131 geri kazanabilir ve s\u00fcr\u00fc\u015f deneyimlerini geli\u015ftirebilirler.  \u00dcr\u00fcn\u00fcm\u00fcz 2 y\u0131ll\u0131k garantiye ve 5 y\u0131ll\u0131k sat\u0131\u015f sonras\u0131 deste\u011fe sahiptir.  T\u00fcm DSG 7\/DQ200 \u015fanz\u0131manlar\u0131yla uyumludur.\" \/>\n<meta property=\"og:url\" content=\"https:\/\/otomatec.com\/tr\/urun\/dsg-7-dq200-mechatronic-accumulator-torx\/\" \/>\n<meta property=\"og:site_name\" content=\"Otomatec\" \/>\n<meta property=\"article:modified_time\" content=\"2025-01-01T00:47:59+00:00\" \/>\n<meta property=\"og:image\" content=\"https:\/\/otomatec.com\/wp-content\/uploads\/2024\/09\/5.png\" \/>\n\t<meta property=\"og:image:width\" content=\"500\" \/>\n\t<meta property=\"og:image:height\" content=\"500\" \/>\n\t<meta property=\"og:image:type\" content=\"image\/png\" \/>\n<meta name=\"twitter:card\" content=\"summary_large_image\" \/>\n<meta name=\"twitter:label1\" content=\"Tahmini okuma s\u00fcresi\" \/>\n\t<meta name=\"twitter:data1\" content=\"2 dakika\" \/>\n<script type=\"application\/ld+json\" class=\"yoast-schema-graph\">{\"@context\":\"https:\/\/schema.org\",\"@graph\":[{\"@type\":\"WebPage\",\"@id\":\"https:\/\/otomatec.com\/tr\/urun\/dsg-7-dq200-mechatronic-accumulator-torx\/\",\"url\":\"https:\/\/otomatec.com\/tr\/urun\/dsg-7-dq200-mechatronic-accumulator-torx\/\",\"name\":\"DSG 7 \/ DQ200 Mekatronik Ak\u00fcm\u00fclat\u00f6r (Torx) - Otomatec\",\"isPartOf\":{\"@id\":\"https:\/\/otomatec.com\/tr\/#website\"},\"primaryImageOfPage\":{\"@id\":\"https:\/\/otomatec.com\/tr\/urun\/dsg-7-dq200-mechatronic-accumulator-torx\/#primaryimage\"},\"image\":{\"@id\":\"https:\/\/otomatec.com\/tr\/urun\/dsg-7-dq200-mechatronic-accumulator-torx\/#primaryimage\"},\"thumbnailUrl\":\"https:\/\/otomatec.com\/wp-content\/uploads\/2024\/09\/5.png\",\"datePublished\":\"2024-08-23T14:04:46+00:00\",\"dateModified\":\"2025-01-01T00:47:59+00:00\",\"breadcrumb\":{\"@id\":\"https:\/\/otomatec.com\/tr\/urun\/dsg-7-dq200-mechatronic-accumulator-torx\/#breadcrumb\"},\"inLanguage\":\"tr\",\"potentialAction\":[{\"@type\":\"ReadAction\",\"target\":[\"https:\/\/otomatec.com\/tr\/urun\/dsg-7-dq200-mechatronic-accumulator-torx\/\"]}]},{\"@type\":\"ImageObject\",\"inLanguage\":\"tr\",\"@id\":\"https:\/\/otomatec.com\/tr\/urun\/dsg-7-dq200-mechatronic-accumulator-torx\/#primaryimage\",\"url\":\"https:\/\/otomatec.com\/wp-content\/uploads\/2024\/09\/5.png\",\"contentUrl\":\"https:\/\/otomatec.com\/wp-content\/uploads\/2024\/09\/5.png\",\"width\":500,\"height\":500},{\"@type\":\"BreadcrumbList\",\"@id\":\"https:\/\/otomatec.com\/tr\/urun\/dsg-7-dq200-mechatronic-accumulator-torx\/#breadcrumb\",\"itemListElement\":[{\"@type\":\"ListItem\",\"position\":1,\"name\":\"Home\",\"item\":\"https:\/\/otomatec.com\/tr\/\"},{\"@type\":\"ListItem\",\"position\":2,\"name\":\"Shop\",\"item\":\"https:\/\/otomatec.com\/tr\/shop\/\"},{\"@type\":\"ListItem\",\"position\":3,\"name\":\"DSG 7 \/ DQ200 Mekatronik Ak\u00fcm\u00fclat\u00f6r (Torx)\"}]},{\"@type\":\"WebSite\",\"@id\":\"https:\/\/otomatec.com\/tr\/#website\",\"url\":\"https:\/\/otomatec.com\/tr\/\",\"name\":\"Otomatec\",\"description\":\"DSG Repair Kit\",\"publisher\":{\"@id\":\"https:\/\/otomatec.com\/tr\/#organization\"},\"potentialAction\":[{\"@type\":\"SearchAction\",\"target\":{\"@type\":\"EntryPoint\",\"urlTemplate\":\"https:\/\/otomatec.com\/tr\/?s={search_term_string}\"},\"query-input\":{\"@type\":\"PropertyValueSpecification\",\"valueRequired\":true,\"valueName\":\"search_term_string\"}}],\"inLanguage\":\"tr\"},{\"@type\":\"Organization\",\"@id\":\"https:\/\/otomatec.com\/tr\/#organization\",\"name\":\"Otomatec Autmotive Ltd.\",\"url\":\"https:\/\/otomatec.com\/tr\/\",\"logo\":{\"@type\":\"ImageObject\",\"inLanguage\":\"tr\",\"@id\":\"https:\/\/otomatec.com\/tr\/#\/schema\/logo\/image\/\",\"url\":\"https:\/\/otomatec.com\/wp-content\/uploads\/2022\/12\/Otomatec-4-1.png\",\"contentUrl\":\"https:\/\/otomatec.com\/wp-content\/uploads\/2022\/12\/Otomatec-4-1.png\",\"width\":475,\"height\":82,\"caption\":\"Otomatec Autmotive Ltd.\"},\"image\":{\"@id\":\"https:\/\/otomatec.com\/tr\/#\/schema\/logo\/image\/\"}}]}<\/script>\n<!-- \/ Yoast SEO plugin. -->","yoast_head_json":{"title":"DSG 7 \/ DQ200 Mekatronik Ak\u00fcm\u00fclat\u00f6r (Torx) - Otomatec","robots":{"index":"index","follow":"follow","max-snippet":"max-snippet:-1","max-image-preview":"max-image-preview:large","max-video-preview":"max-video-preview:-1"},"canonical":"https:\/\/otomatec.com\/tr\/urun\/dsg-7-dq200-mechatronic-accumulator-torx\/","og_locale":"tr_TR","og_type":"article","og_title":"DSG 7 \/ DQ200 Mekatronik Ak\u00fcm\u00fclat\u00f6r (Torx) - Otomatec","og_description":"Otomatec DSG Onar\u0131m Kiti, DSG \u015fanz\u0131man\u0131ndaki P17BF, P189C ve P1895 ar\u0131za kodlar\u0131n\u0131 \u00e7\u00f6zer. Bu kit, d\u00fczensiz vites de\u011fi\u015ftirme ve g\u00fc\u00e7 kayb\u0131 gibi yayg\u0131n \u015fanz\u0131man sorunlar\u0131n\u0131 gidermeye yard\u0131mc\u0131 olan mekatronik \u00fcnite i\u00e7in yedek par\u00e7alar i\u00e7erir. S\u00fcr\u00fcc\u00fcler bu kiti kullanarak DSG \u015fanz\u0131manlar\u0131n\u0131n performans\u0131n\u0131 geri kazanabilir ve s\u00fcr\u00fc\u015f deneyimlerini geli\u015ftirebilirler.  \u00dcr\u00fcn\u00fcm\u00fcz 2 y\u0131ll\u0131k garantiye ve 5 y\u0131ll\u0131k sat\u0131\u015f sonras\u0131 deste\u011fe sahiptir.  T\u00fcm DSG 7\/DQ200 \u015fanz\u0131manlar\u0131yla uyumludur.","og_url":"https:\/\/otomatec.com\/tr\/urun\/dsg-7-dq200-mechatronic-accumulator-torx\/","og_site_name":"Otomatec","article_modified_time":"2025-01-01T00:47:59+00:00","og_image":[{"width":500,"height":500,"url":"https:\/\/otomatec.com\/wp-content\/uploads\/2024\/09\/5.png","type":"image\/png"}],"twitter_card":"summary_large_image","twitter_misc":{"Tahmini okuma s\u00fcresi":"2 dakika"},"schema":{"@context":"https:\/\/schema.org","@graph":[{"@type":"WebPage","@id":"https:\/\/otomatec.com\/tr\/urun\/dsg-7-dq200-mechatronic-accumulator-torx\/","url":"https:\/\/otomatec.com\/tr\/urun\/dsg-7-dq200-mechatronic-accumulator-torx\/","name":"DSG 7 \/ DQ200 Mekatronik Ak\u00fcm\u00fclat\u00f6r (Torx) - Otomatec","isPartOf":{"@id":"https:\/\/otomatec.com\/tr\/#website"},"primaryImageOfPage":{"@id":"https:\/\/otomatec.com\/tr\/urun\/dsg-7-dq200-mechatronic-accumulator-torx\/#primaryimage"},"image":{"@id":"https:\/\/otomatec.com\/tr\/urun\/dsg-7-dq200-mechatronic-accumulator-torx\/#primaryimage"},"thumbnailUrl":"https:\/\/otomatec.com\/wp-content\/uploads\/2024\/09\/5.png","datePublished":"2024-08-23T14:04:46+00:00","dateModified":"2025-01-01T00:47:59+00:00","breadcrumb":{"@id":"https:\/\/otomatec.com\/tr\/urun\/dsg-7-dq200-mechatronic-accumulator-torx\/#breadcrumb"},"inLanguage":"tr","potentialAction":[{"@type":"ReadAction","target":["https:\/\/otomatec.com\/tr\/urun\/dsg-7-dq200-mechatronic-accumulator-torx\/"]}]},{"@type":"ImageObject","inLanguage":"tr","@id":"https:\/\/otomatec.com\/tr\/urun\/dsg-7-dq200-mechatronic-accumulator-torx\/#primaryimage","url":"https:\/\/otomatec.com\/wp-content\/uploads\/2024\/09\/5.png","contentUrl":"https:\/\/otomatec.com\/wp-content\/uploads\/2024\/09\/5.png","width":500,"height":500},{"@type":"BreadcrumbList","@id":"https:\/\/otomatec.com\/tr\/urun\/dsg-7-dq200-mechatronic-accumulator-torx\/#breadcrumb","itemListElement":[{"@type":"ListItem","position":1,"name":"Home","item":"https:\/\/otomatec.com\/tr\/"},{"@type":"ListItem","position":2,"name":"Shop","item":"https:\/\/otomatec.com\/tr\/shop\/"},{"@type":"ListItem","position":3,"name":"DSG 7 \/ DQ200 Mekatronik Ak\u00fcm\u00fclat\u00f6r (Torx)"}]},{"@type":"WebSite","@id":"https:\/\/otomatec.com\/tr\/#website","url":"https:\/\/otomatec.com\/tr\/","name":"Otomatec","description":"DSG Repair Kit","publisher":{"@id":"https:\/\/otomatec.com\/tr\/#organization"},"potentialAction":[{"@type":"SearchAction","target":{"@type":"EntryPoint","urlTemplate":"https:\/\/otomatec.com\/tr\/?s={search_term_string}"},"query-input":{"@type":"PropertyValueSpecification","valueRequired":true,"valueName":"search_term_string"}}],"inLanguage":"tr"},{"@type":"Organization","@id":"https:\/\/otomatec.com\/tr\/#organization","name":"Otomatec Autmotive Ltd.","url":"https:\/\/otomatec.com\/tr\/","logo":{"@type":"ImageObject","inLanguage":"tr","@id":"https:\/\/otomatec.com\/tr\/#\/schema\/logo\/image\/","url":"https:\/\/otomatec.com\/wp-content\/uploads\/2022\/12\/Otomatec-4-1.png","contentUrl":"https:\/\/otomatec.com\/wp-content\/uploads\/2022\/12\/Otomatec-4-1.png","width":475,"height":82,"caption":"Otomatec Autmotive Ltd."},"image":{"@id":"https:\/\/otomatec.com\/tr\/#\/schema\/logo\/image\/"}}]}},"_links":{"self":[{"href":"https:\/\/otomatec.com\/tr\/wp-json\/wp\/v2\/product\/4735","targetHints":{"allow":["GET"]}}],"collection":[{"href":"https:\/\/otomatec.com\/tr\/wp-json\/wp\/v2\/product"}],"about":[{"href":"https:\/\/otomatec.com\/tr\/wp-json\/wp\/v2\/types\/product"}],"wp:featuredmedia":[{"embeddable":true,"href":"https:\/\/otomatec.com\/tr\/wp-json\/wp\/v2\/media\/4134"}],"wp:attachment":[{"href":"https:\/\/otomatec.com\/tr\/wp-json\/wp\/v2\/media?parent=4735"}],"wp:term":[{"taxonomy":"product_brand","embeddable":true,"href":"https:\/\/otomatec.com\/tr\/wp-json\/wp\/v2\/product_brand?post=4735"},{"taxonomy":"product_cat","embeddable":true,"href":"https:\/\/otomatec.com\/tr\/wp-json\/wp\/v2\/product_cat?post=4735"},{"taxonomy":"product_tag","embeddable":true,"href":"https:\/\/otomatec.com\/tr\/wp-json\/wp\/v2\/product_tag?post=4735"}],"curies":[{"name":"wp","href":"https:\/\/api.w.org\/{rel}","templated":true}]}}