{"id":4633,"date":"2024-03-19T19:45:13","date_gmt":"2024-03-19T19:45:13","guid":{"rendered":"https:\/\/otomatec.com\/contact\/"},"modified":"2026-02-19T13:53:42","modified_gmt":"2026-02-19T13:53:42","slug":"contact","status":"publish","type":"page","link":"https:\/\/otomatec.com\/tr\/contact\/","title":{"rendered":"\u0130leti\u015fim"},"content":{"rendered":"\t\t<div data-elementor-type=\"wp-page\" data-elementor-id=\"4633\" class=\"elementor elementor-4633 elementor-2081\" data-elementor-post-type=\"page\">\n\t\t\t\t\t\t<section class=\"elementor-section elementor-top-section elementor-element elementor-element-a04e160 elementor-section-boxed elementor-section-height-default elementor-section-height-default\" data-id=\"a04e160\" data-element_type=\"section\" data-settings=\"{&quot;background_background&quot;:&quot;classic&quot;}\">\n\t\t\t\t\t\t<div class=\"elementor-container elementor-column-gap-default\">\n\t\t\t\t\t<div class=\"elementor-column elementor-col-100 elementor-top-column elementor-element elementor-element-f2023d6\" data-id=\"f2023d6\" data-element_type=\"column\">\n\t\t\t<div class=\"elementor-widget-wrap elementor-element-populated\">\n\t\t\t\t\t\t<div class=\"elementor-element elementor-element-51df4a0 elementor-widget elementor-widget-heading\" data-id=\"51df4a0\" data-element_type=\"widget\" data-widget_type=\"heading.default\">\n\t\t\t\t<div class=\"elementor-widget-container\">\n\t\t\t\t\t<h1 class=\"elementor-heading-title elementor-size-default\">\u0130leti\u015fim<\/h1>\t\t\t\t<\/div>\n\t\t\t\t<\/div>\n\t\t\t\t\t<\/div>\n\t\t<\/div>\n\t\t\t\t\t<\/div>\n\t\t<\/section>\n\t\t\t\t<section class=\"elementor-section elementor-top-section elementor-element elementor-element-331d95b elementor-section-boxed elementor-section-height-default elementor-section-height-default\" data-id=\"331d95b\" data-element_type=\"section\">\n\t\t\t\t\t\t<div class=\"elementor-container elementor-column-gap-default\">\n\t\t\t\t\t<div class=\"elementor-column elementor-col-100 elementor-top-column elementor-element elementor-element-cd15f93\" data-id=\"cd15f93\" data-element_type=\"column\">\n\t\t\t<div class=\"elementor-widget-wrap elementor-element-populated\">\n\t\t\t\t\t\t<div class=\"elementor-element elementor-element-4521e11 elementor-widget elementor-widget-heading\" data-id=\"4521e11\" data-element_type=\"widget\" data-widget_type=\"heading.default\">\n\t\t\t\t<div class=\"elementor-widget-container\">\n\t\t\t\t\t<h2 class=\"elementor-heading-title elementor-size-default\">Otomatec Otomotiv Ltd. \u015eti.<\/h2>\t\t\t\t<\/div>\n\t\t\t\t<\/div>\n\t\t\t\t\t<\/div>\n\t\t<\/div>\n\t\t\t\t\t<\/div>\n\t\t<\/section>\n\t\t\t\t<section class=\"elementor-section elementor-top-section elementor-element elementor-element-4e878c0 elementor-section-boxed elementor-section-height-default elementor-section-height-default\" data-id=\"4e878c0\" data-element_type=\"section\">\n\t\t\t\t\t\t<div class=\"elementor-container elementor-column-gap-default\">\n\t\t\t\t\t<div class=\"elementor-column elementor-col-33 elementor-top-column elementor-element elementor-element-f543e6d\" data-id=\"f543e6d\" data-element_type=\"column\">\n\t\t\t<div class=\"elementor-widget-wrap elementor-element-populated\">\n\t\t\t\t\t\t<div class=\"elementor-element elementor-element-80e4447 elementor-widget-tablet__width-initial elementor-widget-mobile__width-inherit elementor-vertical-align-top elementor-widget elementor-widget-image-box\" data-id=\"80e4447\" data-element_type=\"widget\" data-widget_type=\"image-box.default\">\n\t\t\t\t<div class=\"elementor-widget-container\">\n\t\t\t\t\t<div class=\"elementor-image-box-wrapper\"><div class=\"elementor-image-box-content\"><h3 class=\"elementor-image-box-title\">Telefon\/WhatsApp<\/h3><p class=\"elementor-image-box-description\">+90 530 849 68 95<\/p><\/div><\/div>\t\t\t\t<\/div>\n\t\t\t\t<\/div>\n\t\t\t\t\t<\/div>\n\t\t<\/div>\n\t\t\t\t<div class=\"elementor-column elementor-col-33 elementor-top-column elementor-element elementor-element-f838b21\" data-id=\"f838b21\" data-element_type=\"column\">\n\t\t\t<div class=\"elementor-widget-wrap elementor-element-populated\">\n\t\t\t\t\t\t<div class=\"elementor-element elementor-element-693daf3 elementor-widget-tablet__width-initial elementor-widget-mobile__width-inherit elementor-vertical-align-top elementor-widget elementor-widget-image-box\" data-id=\"693daf3\" data-element_type=\"widget\" data-widget_type=\"image-box.default\">\n\t\t\t\t<div class=\"elementor-widget-container\">\n\t\t\t\t\t<div class=\"elementor-image-box-wrapper\"><div class=\"elementor-image-box-content\"><h3 class=\"elementor-image-box-title\">Adres<\/h3><p class=\"elementor-image-box-description\">Fevzi\u00e7akmak Mah. Milenyum Cad. 28\/J Karatay, Konya, T\u00fcrkiye<\/p><\/div><\/div>\t\t\t\t<\/div>\n\t\t\t\t<\/div>\n\t\t\t\t\t<\/div>\n\t\t<\/div>\n\t\t\t\t<div class=\"elementor-column elementor-col-33 elementor-top-column elementor-element elementor-element-f9824f1\" data-id=\"f9824f1\" data-element_type=\"column\">\n\t\t\t<div class=\"elementor-widget-wrap elementor-element-populated\">\n\t\t\t\t\t\t<div class=\"elementor-element elementor-element-0abbe2e elementor-widget-tablet__width-initial elementor-widget-mobile__width-inherit elementor-vertical-align-top elementor-widget elementor-widget-image-box\" data-id=\"0abbe2e\" data-element_type=\"widget\" data-widget_type=\"image-box.default\">\n\t\t\t\t<div class=\"elementor-widget-container\">\n\t\t\t\t\t<div class=\"elementor-image-box-wrapper\"><div class=\"elementor-image-box-content\"><h3 class=\"elementor-image-box-title\">Mail<\/h3><p class=\"elementor-image-box-description\">contact@otomatec.com<\/p><\/div><\/div>\t\t\t\t<\/div>\n\t\t\t\t<\/div>\n\t\t\t\t\t<\/div>\n\t\t<\/div>\n\t\t\t\t\t<\/div>\n\t\t<\/section>\n\t\t\t\t<section class=\"elementor-section elementor-top-section elementor-element elementor-element-8cf5e3b elementor-section-boxed elementor-section-height-default elementor-section-height-default\" data-id=\"8cf5e3b\" data-element_type=\"section\">\n\t\t\t\t\t\t<div class=\"elementor-container elementor-column-gap-default\">\n\t\t\t\t\t<div class=\"elementor-column elementor-col-100 elementor-top-column elementor-element elementor-element-f58d03d\" data-id=\"f58d03d\" data-element_type=\"column\">\n\t\t\t<div class=\"elementor-widget-wrap elementor-element-populated\">\n\t\t\t\t\t\t<div class=\"elementor-element elementor-element-a5e8f45 elementor-widget elementor-widget-html\" data-id=\"a5e8f45\" data-element_type=\"widget\" data-widget_type=\"html.default\">\n\t\t\t\t<div class=\"elementor-widget-container\">\n\t\t\t\t\t<iframe src=\"https:\/\/www.google.com\/maps\/embed?pb=!1m14!1m8!1m3!1d12586.75579930521!2d32.5522907!3d37.9376965!3m2!1i1024!2i768!4f13.1!3m3!1m2!1s0x0%3A0x4046f7442245901e!2sOtomatec%20Otomotiv!5e0!3m2!1str!2str!4v1671712620278!5m2!1str!2str\" width=\"400\" height=\"450\" style=\"border:0;\" allowfullscreen=\"\" loading=\"lazy\" referrerpolicy=\"no-referrer-when-downgrade\"><\/iframe>\t\t\t\t<\/div>\n\t\t\t\t<\/div>\n\t\t\t\t\t<\/div>\n\t\t<\/div>\n\t\t\t\t\t<\/div>\n\t\t<\/section>\n\t\t\t\t<section class=\"elementor-section elementor-top-section elementor-element elementor-element-4ab3764 elementor-section-boxed elementor-section-height-default elementor-section-height-default\" data-id=\"4ab3764\" data-element_type=\"section\">\n\t\t\t\t\t\t<div class=\"elementor-container elementor-column-gap-default\">\n\t\t\t\t\t<div class=\"elementor-column elementor-col-50 elementor-top-column elementor-element elementor-element-34a3cd4\" data-id=\"34a3cd4\" data-element_type=\"column\">\n\t\t\t<div class=\"elementor-widget-wrap elementor-element-populated\">\n\t\t\t\t\t\t<div class=\"elementor-element elementor-element-ae7843a elementor-widget elementor-widget-image\" data-id=\"ae7843a\" data-element_type=\"widget\" data-widget_type=\"image.default\">\n\t\t\t\t<div class=\"elementor-widget-container\">\n\t\t\t\t\t\t\t\t\t\t\t\t\t\t\t<img fetchpriority=\"high\" decoding=\"async\" width=\"809\" height=\"615\" src=\"https:\/\/otomatec.com\/wp-content\/uploads\/2023\/06\/Ekran-goruntusu-2023-06-12-111611.png\" class=\"attachment-large size-large wp-image-1200\" alt=\"\" srcset=\"https:\/\/otomatec.com\/wp-content\/uploads\/2023\/06\/Ekran-goruntusu-2023-06-12-111611.png 809w, https:\/\/otomatec.com\/wp-content\/uploads\/2023\/06\/Ekran-goruntusu-2023-06-12-111611-300x228.png 300w, https:\/\/otomatec.com\/wp-content\/uploads\/2023\/06\/Ekran-goruntusu-2023-06-12-111611-768x584.png 768w, https:\/\/otomatec.com\/wp-content\/uploads\/2023\/06\/Ekran-goruntusu-2023-06-12-111611-600x456.png 600w, https:\/\/otomatec.com\/wp-content\/uploads\/2023\/06\/Ekran-goruntusu-2023-06-12-111611-150x114.png 150w\" sizes=\"(max-width: 809px) 100vw, 809px\" \/>\t\t\t\t\t\t\t\t\t\t\t\t\t\t\t<\/div>\n\t\t\t\t<\/div>\n\t\t\t\t\t<\/div>\n\t\t<\/div>\n\t\t\t\t<div class=\"elementor-column elementor-col-50 elementor-top-column elementor-element elementor-element-e44f3af\" data-id=\"e44f3af\" data-element_type=\"column\">\n\t\t\t<div class=\"elementor-widget-wrap elementor-element-populated\">\n\t\t\t\t\t\t<section class=\"elementor-section elementor-inner-section elementor-element elementor-element-5d80fcc elementor-section-boxed elementor-section-height-default elementor-section-height-default\" data-id=\"5d80fcc\" data-element_type=\"section\">\n\t\t\t\t\t\t<div class=\"elementor-container elementor-column-gap-no\">\n\t\t\t\t\t<div class=\"elementor-column elementor-col-100 elementor-inner-column elementor-element elementor-element-919a5bf\" data-id=\"919a5bf\" data-element_type=\"column\" data-settings=\"{&quot;background_background&quot;:&quot;classic&quot;}\">\n\t\t\t<div class=\"elementor-widget-wrap elementor-element-populated\">\n\t\t\t\t\t\t<div class=\"elementor-element elementor-element-8328089 elementor-widget elementor-widget-heading\" data-id=\"8328089\" data-element_type=\"widget\" data-widget_type=\"heading.default\">\n\t\t\t\t<div class=\"elementor-widget-container\">\n\t\t\t\t\t<h2 class=\"elementor-heading-title elementor-size-default\">Otomatec Automotive Limited<\/h2>\t\t\t\t<\/div>\n\t\t\t\t<\/div>\n\t\t\t\t\t<\/div>\n\t\t<\/div>\n\t\t\t\t\t<\/div>\n\t\t<\/section>\n\t\t\t\t<div class=\"elementor-element elementor-element-bc8e6e5 elementor-widget-tablet__width-initial elementor-widget-mobile__width-inherit elementor-vertical-align-top elementor-vertical-align-top elementor-widget elementor-widget-image-box\" data-id=\"bc8e6e5\" data-element_type=\"widget\" data-widget_type=\"image-box.default\">\n\t\t\t\t<div class=\"elementor-widget-container\">\n\t\t\t\t\t<div class=\"elementor-image-box-wrapper\"><div class=\"elementor-image-box-content\"><p class=\"elementor-image-box-description\">71-75 Shelton Street, Covent Garden, London, WC2H 9JQ<\/p><\/div><\/div>\t\t\t\t<\/div>\n\t\t\t\t<\/div>\n\t\t\t\t\t<\/div>\n\t\t<\/div>\n\t\t\t\t\t<\/div>\n\t\t<\/section>\n\t\t\t\t<\/div>\n\t\t","protected":false},"excerpt":{"rendered":"<p>\u0130leti\u015fim Otomatec Otomotiv Ltd. \u015eti. Telefon\/WhatsApp +90 530 849 68 95 Adres Fevzi\u00e7akmak Mah. Milenyum Cad. 28\/J Karatay, Konya, T\u00fcrkiye Mail contact@otomatec.com Otomatec Automotive Limited 71-75 Shelton Street, Covent Garden, London, WC2H 9JQ<\/p>\n","protected":false},"author":1,"featured_media":0,"parent":0,"menu_order":0,"comment_status":"closed","ping_status":"closed","template":"","meta":{"site-sidebar-layout":"no-sidebar","site-content-layout":"page-builder","ast-site-content-layout":"full-width-container","site-content-style":"unboxed","site-sidebar-style":"unboxed","ast-global-header-display":"","ast-banner-title-visibility":"","ast-main-header-display":"","ast-hfb-above-header-display":"","ast-hfb-below-header-display":"","ast-hfb-mobile-header-display":"","site-post-title":"disabled","ast-breadcrumbs-content":"","ast-featured-img":"disabled","footer-sml-layout":"","theme-transparent-header-meta":"default","adv-header-id-meta":"","stick-header-meta":"","header-above-stick-meta":"","header-main-stick-meta":"","header-below-stick-meta":"","astra-migrate-meta-layouts":"set","ast-page-background-enabled":"default","ast-page-background-meta":{"desktop":{"background-color":"var(--ast-global-color-4)","background-image":"","background-repeat":"repeat","background-position":"center center","background-size":"auto","background-attachment":"scroll","background-type":"","background-media":"","overlay-type":"","overlay-color":"","overlay-opacity":"","overlay-gradient":""},"tablet":{"background-color":"","background-image":"","background-repeat":"repeat","background-position":"center center","background-size":"auto","background-attachment":"scroll","background-type":"","background-media":"","overlay-type":"","overlay-color":"","overlay-opacity":"","overlay-gradient":""},"mobile":{"background-color":"","background-image":"","background-repeat":"repeat","background-position":"center center","background-size":"auto","background-attachment":"scroll","background-type":"","background-media":"","overlay-type":"","overlay-color":"","overlay-opacity":"","overlay-gradient":""}},"ast-content-background-meta":{"desktop":{"background-color":"var(--ast-global-color-5)","background-image":"","background-repeat":"repeat","background-position":"center center","background-size":"auto","background-attachment":"scroll","background-type":"","background-media":"","overlay-type":"","overlay-color":"","overlay-opacity":"","overlay-gradient":""},"tablet":{"background-color":"var(--ast-global-color-5)","background-image":"","background-repeat":"repeat","background-position":"center center","background-size":"auto","background-attachment":"scroll","background-type":"","background-media":"","overlay-type":"","overlay-color":"","overlay-opacity":"","overlay-gradient":""},"mobile":{"background-color":"var(--ast-global-color-5)","background-image":"","background-repeat":"repeat","background-position":"center center","background-size":"auto","background-attachment":"scroll","background-type":"","background-media":"","overlay-type":"","overlay-color":"","overlay-opacity":"","overlay-gradient":""}},"footnotes":""},"class_list":["post-4633","page","type-page","status-publish","hentry"],"yoast_head":"<!-- This site is optimized with the Yoast SEO plugin v25.2 - https:\/\/yoast.com\/wordpress\/plugins\/seo\/ -->\n<title>\u0130leti\u015fim - Otomatec<\/title>\n<meta name=\"robots\" content=\"index, follow, max-snippet:-1, max-image-preview:large, max-video-preview:-1\" \/>\n<link rel=\"canonical\" href=\"https:\/\/otomatec.com\/tr\/contact\/\" \/>\n<meta property=\"og:locale\" content=\"tr_TR\" \/>\n<meta property=\"og:type\" content=\"article\" \/>\n<meta property=\"og:title\" content=\"\u0130leti\u015fim - Otomatec\" \/>\n<meta property=\"og:description\" content=\"\u0130leti\u015fim Otomatec Otomotiv Ltd. \u015eti. Telefon\/WhatsApp +90 530 849 68 95 Adres Fevzi\u00e7akmak Mah. Milenyum Cad. 28\/J Karatay, Konya, T\u00fcrkiye Mail contact@otomatec.com Otomatec Automotive Limited 71-75 Shelton Street, Covent Garden, London, WC2H 9JQ\" \/>\n<meta property=\"og:url\" content=\"https:\/\/otomatec.com\/tr\/contact\/\" \/>\n<meta property=\"og:site_name\" content=\"Otomatec\" \/>\n<meta property=\"article:modified_time\" content=\"2026-02-19T13:53:42+00:00\" \/>\n<meta property=\"og:image\" content=\"https:\/\/otomatec.com\/wp-content\/uploads\/2023\/06\/Ekran-goruntusu-2023-06-12-111611.png\" \/>\n\t<meta property=\"og:image:width\" content=\"809\" \/>\n\t<meta property=\"og:image:height\" content=\"615\" \/>\n\t<meta property=\"og:image:type\" content=\"image\/png\" \/>\n<meta name=\"twitter:card\" content=\"summary_large_image\" \/>\n<meta name=\"twitter:label1\" content=\"Tahmini okuma s\u00fcresi\" \/>\n\t<meta name=\"twitter:data1\" content=\"1 dakika\" \/>\n<script type=\"application\/ld+json\" class=\"yoast-schema-graph\">{\"@context\":\"https:\/\/schema.org\",\"@graph\":[{\"@type\":\"WebPage\",\"@id\":\"https:\/\/otomatec.com\/tr\/contact\/\",\"url\":\"https:\/\/otomatec.com\/tr\/contact\/\",\"name\":\"\u0130leti\u015fim - Otomatec\",\"isPartOf\":{\"@id\":\"https:\/\/otomatec.com\/tr\/#website\"},\"primaryImageOfPage\":{\"@id\":\"https:\/\/otomatec.com\/tr\/contact\/#primaryimage\"},\"image\":{\"@id\":\"https:\/\/otomatec.com\/tr\/contact\/#primaryimage\"},\"thumbnailUrl\":\"https:\/\/otomatec.com\/wp-content\/uploads\/2023\/06\/Ekran-goruntusu-2023-06-12-111611.png\",\"datePublished\":\"2024-03-19T19:45:13+00:00\",\"dateModified\":\"2026-02-19T13:53:42+00:00\",\"breadcrumb\":{\"@id\":\"https:\/\/otomatec.com\/tr\/contact\/#breadcrumb\"},\"inLanguage\":\"tr\",\"potentialAction\":[{\"@type\":\"ReadAction\",\"target\":[\"https:\/\/otomatec.com\/tr\/contact\/\"]}]},{\"@type\":\"ImageObject\",\"inLanguage\":\"tr\",\"@id\":\"https:\/\/otomatec.com\/tr\/contact\/#primaryimage\",\"url\":\"https:\/\/otomatec.com\/wp-content\/uploads\/2023\/06\/Ekran-goruntusu-2023-06-12-111611.png\",\"contentUrl\":\"https:\/\/otomatec.com\/wp-content\/uploads\/2023\/06\/Ekran-goruntusu-2023-06-12-111611.png\"},{\"@type\":\"BreadcrumbList\",\"@id\":\"https:\/\/otomatec.com\/tr\/contact\/#breadcrumb\",\"itemListElement\":[{\"@type\":\"ListItem\",\"position\":1,\"name\":\"Home\",\"item\":\"https:\/\/otomatec.com\/tr\/\"},{\"@type\":\"ListItem\",\"position\":2,\"name\":\"\u0130leti\u015fim\"}]},{\"@type\":\"WebSite\",\"@id\":\"https:\/\/otomatec.com\/tr\/#website\",\"url\":\"https:\/\/otomatec.com\/tr\/\",\"name\":\"Otomatec\",\"description\":\"DSG Repair Kit\",\"publisher\":{\"@id\":\"https:\/\/otomatec.com\/tr\/#organization\"},\"potentialAction\":[{\"@type\":\"SearchAction\",\"target\":{\"@type\":\"EntryPoint\",\"urlTemplate\":\"https:\/\/otomatec.com\/tr\/?s={search_term_string}\"},\"query-input\":{\"@type\":\"PropertyValueSpecification\",\"valueRequired\":true,\"valueName\":\"search_term_string\"}}],\"inLanguage\":\"tr\"},{\"@type\":\"Organization\",\"@id\":\"https:\/\/otomatec.com\/tr\/#organization\",\"name\":\"Otomatec Autmotive Ltd.\",\"url\":\"https:\/\/otomatec.com\/tr\/\",\"logo\":{\"@type\":\"ImageObject\",\"inLanguage\":\"tr\",\"@id\":\"https:\/\/otomatec.com\/tr\/#\/schema\/logo\/image\/\",\"url\":\"https:\/\/otomatec.com\/wp-content\/uploads\/2022\/12\/Otomatec-4-1.png\",\"contentUrl\":\"https:\/\/otomatec.com\/wp-content\/uploads\/2022\/12\/Otomatec-4-1.png\",\"width\":475,\"height\":82,\"caption\":\"Otomatec Autmotive Ltd.\"},\"image\":{\"@id\":\"https:\/\/otomatec.com\/tr\/#\/schema\/logo\/image\/\"}}]}<\/script>\n<!-- \/ Yoast SEO plugin. -->","yoast_head_json":{"title":"\u0130leti\u015fim - Otomatec","robots":{"index":"index","follow":"follow","max-snippet":"max-snippet:-1","max-image-preview":"max-image-preview:large","max-video-preview":"max-video-preview:-1"},"canonical":"https:\/\/otomatec.com\/tr\/contact\/","og_locale":"tr_TR","og_type":"article","og_title":"\u0130leti\u015fim - Otomatec","og_description":"\u0130leti\u015fim Otomatec Otomotiv Ltd. \u015eti. Telefon\/WhatsApp +90 530 849 68 95 Adres Fevzi\u00e7akmak Mah. Milenyum Cad. 28\/J Karatay, Konya, T\u00fcrkiye Mail contact@otomatec.com Otomatec Automotive Limited 71-75 Shelton Street, Covent Garden, London, WC2H 9JQ","og_url":"https:\/\/otomatec.com\/tr\/contact\/","og_site_name":"Otomatec","article_modified_time":"2026-02-19T13:53:42+00:00","og_image":[{"width":809,"height":615,"url":"https:\/\/otomatec.com\/wp-content\/uploads\/2023\/06\/Ekran-goruntusu-2023-06-12-111611.png","type":"image\/png"}],"twitter_card":"summary_large_image","twitter_misc":{"Tahmini okuma s\u00fcresi":"1 dakika"},"schema":{"@context":"https:\/\/schema.org","@graph":[{"@type":"WebPage","@id":"https:\/\/otomatec.com\/tr\/contact\/","url":"https:\/\/otomatec.com\/tr\/contact\/","name":"\u0130leti\u015fim - Otomatec","isPartOf":{"@id":"https:\/\/otomatec.com\/tr\/#website"},"primaryImageOfPage":{"@id":"https:\/\/otomatec.com\/tr\/contact\/#primaryimage"},"image":{"@id":"https:\/\/otomatec.com\/tr\/contact\/#primaryimage"},"thumbnailUrl":"https:\/\/otomatec.com\/wp-content\/uploads\/2023\/06\/Ekran-goruntusu-2023-06-12-111611.png","datePublished":"2024-03-19T19:45:13+00:00","dateModified":"2026-02-19T13:53:42+00:00","breadcrumb":{"@id":"https:\/\/otomatec.com\/tr\/contact\/#breadcrumb"},"inLanguage":"tr","potentialAction":[{"@type":"ReadAction","target":["https:\/\/otomatec.com\/tr\/contact\/"]}]},{"@type":"ImageObject","inLanguage":"tr","@id":"https:\/\/otomatec.com\/tr\/contact\/#primaryimage","url":"https:\/\/otomatec.com\/wp-content\/uploads\/2023\/06\/Ekran-goruntusu-2023-06-12-111611.png","contentUrl":"https:\/\/otomatec.com\/wp-content\/uploads\/2023\/06\/Ekran-goruntusu-2023-06-12-111611.png"},{"@type":"BreadcrumbList","@id":"https:\/\/otomatec.com\/tr\/contact\/#breadcrumb","itemListElement":[{"@type":"ListItem","position":1,"name":"Home","item":"https:\/\/otomatec.com\/tr\/"},{"@type":"ListItem","position":2,"name":"\u0130leti\u015fim"}]},{"@type":"WebSite","@id":"https:\/\/otomatec.com\/tr\/#website","url":"https:\/\/otomatec.com\/tr\/","name":"Otomatec","description":"DSG Repair Kit","publisher":{"@id":"https:\/\/otomatec.com\/tr\/#organization"},"potentialAction":[{"@type":"SearchAction","target":{"@type":"EntryPoint","urlTemplate":"https:\/\/otomatec.com\/tr\/?s={search_term_string}"},"query-input":{"@type":"PropertyValueSpecification","valueRequired":true,"valueName":"search_term_string"}}],"inLanguage":"tr"},{"@type":"Organization","@id":"https:\/\/otomatec.com\/tr\/#organization","name":"Otomatec Autmotive Ltd.","url":"https:\/\/otomatec.com\/tr\/","logo":{"@type":"ImageObject","inLanguage":"tr","@id":"https:\/\/otomatec.com\/tr\/#\/schema\/logo\/image\/","url":"https:\/\/otomatec.com\/wp-content\/uploads\/2022\/12\/Otomatec-4-1.png","contentUrl":"https:\/\/otomatec.com\/wp-content\/uploads\/2022\/12\/Otomatec-4-1.png","width":475,"height":82,"caption":"Otomatec Autmotive Ltd."},"image":{"@id":"https:\/\/otomatec.com\/tr\/#\/schema\/logo\/image\/"}}]}},"_links":{"self":[{"href":"https:\/\/otomatec.com\/tr\/wp-json\/wp\/v2\/pages\/4633","targetHints":{"allow":["GET"]}}],"collection":[{"href":"https:\/\/otomatec.com\/tr\/wp-json\/wp\/v2\/pages"}],"about":[{"href":"https:\/\/otomatec.com\/tr\/wp-json\/wp\/v2\/types\/page"}],"author":[{"embeddable":true,"href":"https:\/\/otomatec.com\/tr\/wp-json\/wp\/v2\/users\/1"}],"replies":[{"embeddable":true,"href":"https:\/\/otomatec.com\/tr\/wp-json\/wp\/v2\/comments?post=4633"}],"version-history":[{"count":9,"href":"https:\/\/otomatec.com\/tr\/wp-json\/wp\/v2\/pages\/4633\/revisions"}],"predecessor-version":[{"id":5062,"href":"https:\/\/otomatec.com\/tr\/wp-json\/wp\/v2\/pages\/4633\/revisions\/5062"}],"wp:attachment":[{"href":"https:\/\/otomatec.com\/tr\/wp-json\/wp\/v2\/media?parent=4633"}],"curies":[{"name":"wp","href":"https:\/\/api.w.org\/{rel}","templated":true}]}}