{"id":4618,"date":"2022-12-21T16:53:38","date_gmt":"2022-12-21T16:53:38","guid":{"rendered":"https:\/\/otomatec.com\/about-us\/"},"modified":"2025-01-01T10:16:22","modified_gmt":"2025-01-01T10:16:22","slug":"about-us","status":"publish","type":"page","link":"https:\/\/otomatec.com\/tr\/about-us\/","title":{"rendered":"Hakk\u0131m\u0131zda"},"content":{"rendered":"\t\t<div data-elementor-type=\"wp-page\" data-elementor-id=\"4618\" class=\"elementor elementor-4618 elementor-5\" data-elementor-post-type=\"page\">\n\t\t\t\t\t\t<section class=\"elementor-section elementor-top-section elementor-element elementor-element-f60aa13 elementor-section-boxed elementor-section-height-default elementor-section-height-default\" data-id=\"f60aa13\" data-element_type=\"section\" data-settings=\"{&quot;background_background&quot;:&quot;classic&quot;}\">\n\t\t\t\t\t\t<div class=\"elementor-container elementor-column-gap-default\">\n\t\t\t\t\t<div class=\"elementor-column elementor-col-100 elementor-top-column elementor-element elementor-element-6708c45\" data-id=\"6708c45\" data-element_type=\"column\">\n\t\t\t<div class=\"elementor-widget-wrap elementor-element-populated\">\n\t\t\t\t\t\t<div class=\"elementor-element elementor-element-39bc11e elementor-widget elementor-widget-heading\" data-id=\"39bc11e\" data-element_type=\"widget\" data-widget_type=\"heading.default\">\n\t\t\t\t<div class=\"elementor-widget-container\">\n\t\t\t\t\t<h1 class=\"elementor-heading-title elementor-size-default\">Hakk\u0131m\u0131zda<\/h1>\t\t\t\t<\/div>\n\t\t\t\t<\/div>\n\t\t\t\t\t<\/div>\n\t\t<\/div>\n\t\t\t\t\t<\/div>\n\t\t<\/section>\n\t\t\t\t<section class=\"elementor-section elementor-top-section elementor-element elementor-element-13ec113 elementor-section-boxed elementor-section-height-default elementor-section-height-default\" data-id=\"13ec113\" data-element_type=\"section\">\n\t\t\t\t\t\t<div class=\"elementor-container elementor-column-gap-default\">\n\t\t\t\t\t<div class=\"elementor-column elementor-col-100 elementor-top-column elementor-element elementor-element-5411c17\" data-id=\"5411c17\" data-element_type=\"column\">\n\t\t\t<div class=\"elementor-widget-wrap elementor-element-populated\">\n\t\t\t\t\t\t<div class=\"elementor-element elementor-element-6e39b28 elementor-widget elementor-widget-text-editor\" data-id=\"6e39b28\" data-element_type=\"widget\" data-widget_type=\"text-editor.default\">\n\t\t\t\t<div class=\"elementor-widget-container\">\n\t\t\t\t\t\t\t\t\t<h1 style=\"text-align: center;\">Neden Otomatec<\/h1>\t\t\t\t\t\t\t\t<\/div>\n\t\t\t\t<\/div>\n\t\t\t\t\t<\/div>\n\t\t<\/div>\n\t\t\t\t\t<\/div>\n\t\t<\/section>\n\t\t\t\t<section class=\"elementor-section elementor-top-section elementor-element elementor-element-6550b45 elementor-section-content-middle elementor-section-boxed elementor-section-height-default elementor-section-height-default\" data-id=\"6550b45\" data-element_type=\"section\" data-settings=\"{&quot;background_background&quot;:&quot;classic&quot;}\">\n\t\t\t\t\t\t<div class=\"elementor-container elementor-column-gap-wide\">\n\t\t\t\t\t<div class=\"elementor-column elementor-col-33 elementor-top-column elementor-element elementor-element-b3ab159\" data-id=\"b3ab159\" data-element_type=\"column\">\n\t\t\t<div class=\"elementor-widget-wrap elementor-element-populated\">\n\t\t\t\t\t\t<div class=\"elementor-element elementor-element-40b4cb2 elementor-widget elementor-widget-text-editor\" data-id=\"40b4cb2\" data-element_type=\"widget\" data-widget_type=\"text-editor.default\">\n\t\t\t\t<div class=\"elementor-widget-container\">\n\t\t\t\t\t\t\t\t\t<h3 class=\"highlight\">10 Y\u0131ll\u0131k Uzmanl\u0131k<\/h3>\t\t\t\t\t\t\t\t<\/div>\n\t\t\t\t<\/div>\n\t\t\t\t\t<\/div>\n\t\t<\/div>\n\t\t\t\t<div class=\"elementor-column elementor-col-33 elementor-top-column elementor-element elementor-element-1e2c4bd\" data-id=\"1e2c4bd\" data-element_type=\"column\">\n\t\t\t<div class=\"elementor-widget-wrap elementor-element-populated\">\n\t\t\t\t\t\t<div class=\"elementor-element elementor-element-39bca4c elementor-widget elementor-widget-text-editor\" data-id=\"39bca4c\" data-element_type=\"widget\" data-widget_type=\"text-editor.default\">\n\t\t\t\t<div class=\"elementor-widget-container\">\n\t\t\t\t\t\t\t\t\t<h3 class=\"highlight\">50.000+ \u00dcretildi<\/h3>\t\t\t\t\t\t\t\t<\/div>\n\t\t\t\t<\/div>\n\t\t\t\t\t<\/div>\n\t\t<\/div>\n\t\t\t\t<div class=\"elementor-column elementor-col-33 elementor-top-column elementor-element elementor-element-827e7b4\" data-id=\"827e7b4\" data-element_type=\"column\">\n\t\t\t<div class=\"elementor-widget-wrap elementor-element-populated\">\n\t\t\t\t\t\t<div class=\"elementor-element elementor-element-d16950d elementor-widget elementor-widget-text-editor\" data-id=\"d16950d\" data-element_type=\"widget\" data-widget_type=\"text-editor.default\">\n\t\t\t\t<div class=\"elementor-widget-container\">\n\t\t\t\t\t\t\t\t\t<h3 class=\"highlight\">40+ \u0130hracat \u00dclkesi<\/h3>\t\t\t\t\t\t\t\t<\/div>\n\t\t\t\t<\/div>\n\t\t\t\t\t<\/div>\n\t\t<\/div>\n\t\t\t\t\t<\/div>\n\t\t<\/section>\n\t\t\t\t<section class=\"elementor-section elementor-top-section elementor-element elementor-element-f9112f3 elementor-section-content-middle elementor-section-boxed elementor-section-height-default elementor-section-height-default\" data-id=\"f9112f3\" data-element_type=\"section\" data-settings=\"{&quot;background_background&quot;:&quot;classic&quot;}\">\n\t\t\t\t\t\t<div class=\"elementor-container elementor-column-gap-wide\">\n\t\t\t\t\t<div class=\"elementor-column elementor-col-33 elementor-top-column elementor-element elementor-element-62e6f4a\" data-id=\"62e6f4a\" data-element_type=\"column\">\n\t\t\t<div class=\"elementor-widget-wrap elementor-element-populated\">\n\t\t\t\t\t\t<div class=\"elementor-element elementor-element-a9320c6 elementor-widget elementor-widget-text-editor\" data-id=\"a9320c6\" data-element_type=\"widget\" data-widget_type=\"text-editor.default\">\n\t\t\t\t<div class=\"elementor-widget-container\">\n\t\t\t\t\t\t\t\t\t<h3 class=\"highlight\">Ar-Ge Ekibi<\/h3>\t\t\t\t\t\t\t\t<\/div>\n\t\t\t\t<\/div>\n\t\t\t\t\t<\/div>\n\t\t<\/div>\n\t\t\t\t<div class=\"elementor-column elementor-col-33 elementor-top-column elementor-element elementor-element-45b06f1\" data-id=\"45b06f1\" data-element_type=\"column\">\n\t\t\t<div class=\"elementor-widget-wrap elementor-element-populated\">\n\t\t\t\t\t\t<div class=\"elementor-element elementor-element-abb2fa8 elementor-widget elementor-widget-text-editor\" data-id=\"abb2fa8\" data-element_type=\"widget\" data-widget_type=\"text-editor.default\">\n\t\t\t\t<div class=\"elementor-widget-container\">\n\t\t\t\t\t\t\t\t\t<h3 class=\"highlight\">100+ M\u00fc\u015fteri<\/h3>\t\t\t\t\t\t\t\t<\/div>\n\t\t\t\t<\/div>\n\t\t\t\t\t<\/div>\n\t\t<\/div>\n\t\t\t\t<div class=\"elementor-column elementor-col-33 elementor-top-column elementor-element elementor-element-e56a4e1\" data-id=\"e56a4e1\" data-element_type=\"column\">\n\t\t\t<div class=\"elementor-widget-wrap elementor-element-populated\">\n\t\t\t\t\t\t<div class=\"elementor-element elementor-element-794aaa6 elementor-widget elementor-widget-text-editor\" data-id=\"794aaa6\" data-element_type=\"widget\" data-widget_type=\"text-editor.default\">\n\t\t\t\t<div class=\"elementor-widget-container\">\n\t\t\t\t\t\t\t\t\t<h3 class=\"highlight\">%95 \u0130hracat<\/h3>\t\t\t\t\t\t\t\t<\/div>\n\t\t\t\t<\/div>\n\t\t\t\t\t<\/div>\n\t\t<\/div>\n\t\t\t\t\t<\/div>\n\t\t<\/section>\n\t\t\t\t<section class=\"elementor-section elementor-top-section elementor-element elementor-element-n3vhfdc elementor-section-content-middle elementor-reverse-mobile elementor-section-boxed elementor-section-height-default elementor-section-height-default\" data-id=\"n3vhfdc\" data-element_type=\"section\" data-settings=\"{&quot;background_background&quot;:&quot;classic&quot;}\">\n\t\t\t\t\t\t\t<div class=\"elementor-background-overlay\"><\/div>\n\t\t\t\t\t\t\t<div class=\"elementor-container elementor-column-gap-no\">\n\t\t\t\t\t<div class=\"elementor-column elementor-col-50 elementor-top-column elementor-element elementor-element-b0b74d8\" data-id=\"b0b74d8\" data-element_type=\"column\">\n\t\t\t<div class=\"elementor-widget-wrap elementor-element-populated\">\n\t\t\t\t\t\t<div class=\"elementor-element elementor-element-12adb9f elementor-widget elementor-widget-heading\" data-id=\"12adb9f\" data-element_type=\"widget\" data-widget_type=\"heading.default\">\n\t\t\t\t<div class=\"elementor-widget-container\">\n\t\t\t\t\t<h2 class=\"elementor-heading-title elementor-size-default\">Otomatec Otomotiv Ltd. \u015eti.\u200b<\/h2>\t\t\t\t<\/div>\n\t\t\t\t<\/div>\n\t\t\t\t<div class=\"elementor-element elementor-element-327f367 elementor-widget elementor-widget-text-editor\" data-id=\"327f367\" data-element_type=\"widget\" data-widget_type=\"text-editor.default\">\n\t\t\t\t<div class=\"elementor-widget-container\">\n\t\t\t\t\t\t\t\t\t<p>Otomatec Otomotiv, m\u00fchendis karde\u015fler taraf\u0131ndan kurulmu\u015f, end\u00fcstriyel \u00e7\u00f6z\u00fcm odakl\u0131 bir Ar-Ge \u015firketidir. \u015eirket mekanik, metalurji ve elektrik-elektronik alanlar\u0131nda uzmanla\u015fm\u0131\u015ft\u0131r. Sorunlara m\u00fchendislik yakla\u015f\u0131m\u0131yla h\u0131zl\u0131, etkili ve uygun maliyetli \u00e7\u00f6z\u00fcmler sunar.<\/p><p>Otomatec markas\u0131 alt\u0131nda \u00fcretilen y\u00fcksek kaliteli sat\u0131\u015f sonras\u0131 otomotiv bile\u015fenleri \u00fcst\u00fcn kalitededir ve arac\u0131n \u00f6zelliklerine tam olarak uygundur. Otomatec markas\u0131, sat\u0131\u015f sonras\u0131 ve orijinal ekipman par\u00e7alar\u0131n\u0131 birle\u015ftirerek, arac\u0131n\u0131za tak\u0131lan orijinal ekipman kadar etkili \u00e7al\u0131\u015facak \u015fekilde tasarlanm\u0131\u015f harika yedek par\u00e7alar olu\u015fturur.<\/p>\t\t\t\t\t\t\t\t<\/div>\n\t\t\t\t<\/div>\n\t\t\t\t\t<\/div>\n\t\t<\/div>\n\t\t\t\t<div class=\"elementor-column elementor-col-50 elementor-top-column elementor-element elementor-element-51962fb\" data-id=\"51962fb\" data-element_type=\"column\" data-settings=\"{&quot;background_background&quot;:&quot;classic&quot;}\">\n\t\t\t<div class=\"elementor-widget-wrap elementor-element-populated\">\n\t\t\t\t\t\t<div class=\"elementor-element elementor-element-6315460 elementor-widget elementor-widget-image\" data-id=\"6315460\" data-element_type=\"widget\" data-widget_type=\"image.default\">\n\t\t\t\t<div class=\"elementor-widget-container\">\n\t\t\t\t\t\t\t\t\t\t\t\t\t\t\t<img fetchpriority=\"high\" decoding=\"async\" width=\"2560\" height=\"2322\" src=\"https:\/\/otomatec.com\/wp-content\/uploads\/2024\/08\/IMG_2836-scaled.jpg\" class=\"attachment-full size-full wp-image-2393\" alt=\"\" srcset=\"https:\/\/otomatec.com\/wp-content\/uploads\/2024\/08\/IMG_2836-scaled.jpg 2560w, https:\/\/otomatec.com\/wp-content\/uploads\/2024\/08\/IMG_2836-300x272.jpg 300w, https:\/\/otomatec.com\/wp-content\/uploads\/2024\/08\/IMG_2836-1024x929.jpg 1024w, https:\/\/otomatec.com\/wp-content\/uploads\/2024\/08\/IMG_2836-768x696.jpg 768w, https:\/\/otomatec.com\/wp-content\/uploads\/2024\/08\/IMG_2836-1536x1393.jpg 1536w, https:\/\/otomatec.com\/wp-content\/uploads\/2024\/08\/IMG_2836-2048x1857.jpg 2048w, https:\/\/otomatec.com\/wp-content\/uploads\/2024\/08\/IMG_2836-600x544.jpg 600w, https:\/\/otomatec.com\/wp-content\/uploads\/2024\/08\/IMG_2836-150x136.jpg 150w\" sizes=\"(max-width: 2560px) 100vw, 2560px\" \/>\t\t\t\t\t\t\t\t\t\t\t\t\t\t\t<\/div>\n\t\t\t\t<\/div>\n\t\t\t\t\t<\/div>\n\t\t<\/div>\n\t\t\t\t\t<\/div>\n\t\t<\/section>\n\t\t\t\t<\/div>\n\t\t","protected":false},"excerpt":{"rendered":"<p>Hakk\u0131m\u0131zda Neden Otomatec 10 Y\u0131ll\u0131k Uzmanl\u0131k 50.000+ \u00dcretildi 40+ \u0130hracat \u00dclkesi Ar-Ge Ekibi 100+ M\u00fc\u015fteri %95 \u0130hracat Otomatec Otomotiv Ltd. \u015eti.\u200b Otomatec Otomotiv, m\u00fchendis karde\u015fler taraf\u0131ndan kurulmu\u015f, end\u00fcstriyel \u00e7\u00f6z\u00fcm odakl\u0131 bir Ar-Ge \u015firketidir. \u015eirket mekanik, metalurji ve elektrik-elektronik alanlar\u0131nda uzmanla\u015fm\u0131\u015ft\u0131r. Sorunlara m\u00fchendislik yakla\u015f\u0131m\u0131yla h\u0131zl\u0131, etkili ve uygun maliyetli \u00e7\u00f6z\u00fcmler sunar. Otomatec markas\u0131 alt\u0131nda \u00fcretilen y\u00fcksek [&hellip;]<\/p>\n","protected":false},"author":1,"featured_media":0,"parent":0,"menu_order":0,"comment_status":"closed","ping_status":"closed","template":"","meta":{"site-sidebar-layout":"no-sidebar","site-content-layout":"page-builder","ast-site-content-layout":"full-width-container","site-content-style":"unboxed","site-sidebar-style":"unboxed","ast-global-header-display":"","ast-banner-title-visibility":"","ast-main-header-display":"","ast-hfb-above-header-display":"","ast-hfb-below-header-display":"","ast-hfb-mobile-header-display":"","site-post-title":"disabled","ast-breadcrumbs-content":"","ast-featured-img":"disabled","footer-sml-layout":"","theme-transparent-header-meta":"default","adv-header-id-meta":"","stick-header-meta":"","header-above-stick-meta":"","header-main-stick-meta":"","header-below-stick-meta":"","astra-migrate-meta-layouts":"set","ast-page-background-enabled":"default","ast-page-background-meta":{"desktop":{"background-color":"var(--ast-global-color-4)","background-image":"","background-repeat":"repeat","background-position":"center center","background-size":"auto","background-attachment":"scroll","background-type":"","background-media":"","overlay-type":"","overlay-color":"","overlay-opacity":"","overlay-gradient":""},"tablet":{"background-color":"","background-image":"","background-repeat":"repeat","background-position":"center center","background-size":"auto","background-attachment":"scroll","background-type":"","background-media":"","overlay-type":"","overlay-color":"","overlay-opacity":"","overlay-gradient":""},"mobile":{"background-color":"","background-image":"","background-repeat":"repeat","background-position":"center center","background-size":"auto","background-attachment":"scroll","background-type":"","background-media":"","overlay-type":"","overlay-color":"","overlay-opacity":"","overlay-gradient":""}},"ast-content-background-meta":{"desktop":{"background-color":"var(--ast-global-color-5)","background-image":"","background-repeat":"repeat","background-position":"center center","background-size":"auto","background-attachment":"scroll","background-type":"","background-media":"","overlay-type":"","overlay-color":"","overlay-opacity":"","overlay-gradient":""},"tablet":{"background-color":"var(--ast-global-color-5)","background-image":"","background-repeat":"repeat","background-position":"center center","background-size":"auto","background-attachment":"scroll","background-type":"","background-media":"","overlay-type":"","overlay-color":"","overlay-opacity":"","overlay-gradient":""},"mobile":{"background-color":"var(--ast-global-color-5)","background-image":"","background-repeat":"repeat","background-position":"center center","background-size":"auto","background-attachment":"scroll","background-type":"","background-media":"","overlay-type":"","overlay-color":"","overlay-opacity":"","overlay-gradient":""}},"footnotes":""},"class_list":["post-4618","page","type-page","status-publish","hentry"],"yoast_head":"<!-- This site is optimized with the Yoast SEO plugin v25.2 - https:\/\/yoast.com\/wordpress\/plugins\/seo\/ -->\n<title>Hakk\u0131m\u0131zda - Otomatec<\/title>\n<meta name=\"robots\" content=\"index, follow, max-snippet:-1, max-image-preview:large, max-video-preview:-1\" \/>\n<link rel=\"canonical\" href=\"https:\/\/otomatec.com\/tr\/about-us\/\" \/>\n<meta property=\"og:locale\" content=\"tr_TR\" \/>\n<meta property=\"og:type\" content=\"article\" \/>\n<meta property=\"og:title\" content=\"Hakk\u0131m\u0131zda - Otomatec\" \/>\n<meta property=\"og:description\" content=\"Hakk\u0131m\u0131zda Neden Otomatec 10 Y\u0131ll\u0131k Uzmanl\u0131k 50.000+ \u00dcretildi 40+ \u0130hracat \u00dclkesi Ar-Ge Ekibi 100+ M\u00fc\u015fteri %95 \u0130hracat Otomatec Otomotiv Ltd. \u015eti.\u200b Otomatec Otomotiv, m\u00fchendis karde\u015fler taraf\u0131ndan kurulmu\u015f, end\u00fcstriyel \u00e7\u00f6z\u00fcm odakl\u0131 bir Ar-Ge \u015firketidir. \u015eirket mekanik, metalurji ve elektrik-elektronik alanlar\u0131nda uzmanla\u015fm\u0131\u015ft\u0131r. Sorunlara m\u00fchendislik yakla\u015f\u0131m\u0131yla h\u0131zl\u0131, etkili ve uygun maliyetli \u00e7\u00f6z\u00fcmler sunar. Otomatec markas\u0131 alt\u0131nda \u00fcretilen y\u00fcksek [&hellip;]\" \/>\n<meta property=\"og:url\" content=\"https:\/\/otomatec.com\/tr\/about-us\/\" \/>\n<meta property=\"og:site_name\" content=\"Otomatec\" \/>\n<meta property=\"article:modified_time\" content=\"2025-01-01T10:16:22+00:00\" \/>\n<meta property=\"og:image\" content=\"https:\/\/otomatec.com\/wp-content\/uploads\/2024\/08\/IMG_2836-scaled.jpg\" \/>\n<meta name=\"twitter:card\" content=\"summary_large_image\" \/>\n<meta name=\"twitter:label1\" content=\"Tahmini okuma s\u00fcresi\" \/>\n\t<meta name=\"twitter:data1\" content=\"1 dakika\" \/>\n<script type=\"application\/ld+json\" class=\"yoast-schema-graph\">{\"@context\":\"https:\/\/schema.org\",\"@graph\":[{\"@type\":\"WebPage\",\"@id\":\"https:\/\/otomatec.com\/tr\/about-us\/\",\"url\":\"https:\/\/otomatec.com\/tr\/about-us\/\",\"name\":\"Hakk\u0131m\u0131zda - Otomatec\",\"isPartOf\":{\"@id\":\"https:\/\/otomatec.com\/tr\/#website\"},\"primaryImageOfPage\":{\"@id\":\"https:\/\/otomatec.com\/tr\/about-us\/#primaryimage\"},\"image\":{\"@id\":\"https:\/\/otomatec.com\/tr\/about-us\/#primaryimage\"},\"thumbnailUrl\":\"https:\/\/otomatec.com\/wp-content\/uploads\/2024\/08\/IMG_2836-scaled.jpg\",\"datePublished\":\"2022-12-21T16:53:38+00:00\",\"dateModified\":\"2025-01-01T10:16:22+00:00\",\"breadcrumb\":{\"@id\":\"https:\/\/otomatec.com\/tr\/about-us\/#breadcrumb\"},\"inLanguage\":\"tr\",\"potentialAction\":[{\"@type\":\"ReadAction\",\"target\":[\"https:\/\/otomatec.com\/tr\/about-us\/\"]}]},{\"@type\":\"ImageObject\",\"inLanguage\":\"tr\",\"@id\":\"https:\/\/otomatec.com\/tr\/about-us\/#primaryimage\",\"url\":\"https:\/\/otomatec.com\/wp-content\/uploads\/2024\/08\/IMG_2836-scaled.jpg\",\"contentUrl\":\"https:\/\/otomatec.com\/wp-content\/uploads\/2024\/08\/IMG_2836-scaled.jpg\"},{\"@type\":\"BreadcrumbList\",\"@id\":\"https:\/\/otomatec.com\/tr\/about-us\/#breadcrumb\",\"itemListElement\":[{\"@type\":\"ListItem\",\"position\":1,\"name\":\"Home\",\"item\":\"https:\/\/otomatec.com\/tr\/\"},{\"@type\":\"ListItem\",\"position\":2,\"name\":\"Hakk\u0131m\u0131zda\"}]},{\"@type\":\"WebSite\",\"@id\":\"https:\/\/otomatec.com\/tr\/#website\",\"url\":\"https:\/\/otomatec.com\/tr\/\",\"name\":\"Otomatec\",\"description\":\"DSG Repair Kit\",\"publisher\":{\"@id\":\"https:\/\/otomatec.com\/tr\/#organization\"},\"potentialAction\":[{\"@type\":\"SearchAction\",\"target\":{\"@type\":\"EntryPoint\",\"urlTemplate\":\"https:\/\/otomatec.com\/tr\/?s={search_term_string}\"},\"query-input\":{\"@type\":\"PropertyValueSpecification\",\"valueRequired\":true,\"valueName\":\"search_term_string\"}}],\"inLanguage\":\"tr\"},{\"@type\":\"Organization\",\"@id\":\"https:\/\/otomatec.com\/tr\/#organization\",\"name\":\"Otomatec Autmotive Ltd.\",\"url\":\"https:\/\/otomatec.com\/tr\/\",\"logo\":{\"@type\":\"ImageObject\",\"inLanguage\":\"tr\",\"@id\":\"https:\/\/otomatec.com\/tr\/#\/schema\/logo\/image\/\",\"url\":\"https:\/\/otomatec.com\/wp-content\/uploads\/2022\/12\/Otomatec-4-1.png\",\"contentUrl\":\"https:\/\/otomatec.com\/wp-content\/uploads\/2022\/12\/Otomatec-4-1.png\",\"width\":475,\"height\":82,\"caption\":\"Otomatec Autmotive Ltd.\"},\"image\":{\"@id\":\"https:\/\/otomatec.com\/tr\/#\/schema\/logo\/image\/\"}}]}<\/script>\n<!-- \/ Yoast SEO plugin. -->","yoast_head_json":{"title":"Hakk\u0131m\u0131zda - Otomatec","robots":{"index":"index","follow":"follow","max-snippet":"max-snippet:-1","max-image-preview":"max-image-preview:large","max-video-preview":"max-video-preview:-1"},"canonical":"https:\/\/otomatec.com\/tr\/about-us\/","og_locale":"tr_TR","og_type":"article","og_title":"Hakk\u0131m\u0131zda - Otomatec","og_description":"Hakk\u0131m\u0131zda Neden Otomatec 10 Y\u0131ll\u0131k Uzmanl\u0131k 50.000+ \u00dcretildi 40+ \u0130hracat \u00dclkesi Ar-Ge Ekibi 100+ M\u00fc\u015fteri %95 \u0130hracat Otomatec Otomotiv Ltd. \u015eti.\u200b Otomatec Otomotiv, m\u00fchendis karde\u015fler taraf\u0131ndan kurulmu\u015f, end\u00fcstriyel \u00e7\u00f6z\u00fcm odakl\u0131 bir Ar-Ge \u015firketidir. \u015eirket mekanik, metalurji ve elektrik-elektronik alanlar\u0131nda uzmanla\u015fm\u0131\u015ft\u0131r. Sorunlara m\u00fchendislik yakla\u015f\u0131m\u0131yla h\u0131zl\u0131, etkili ve uygun maliyetli \u00e7\u00f6z\u00fcmler sunar. Otomatec markas\u0131 alt\u0131nda \u00fcretilen y\u00fcksek [&hellip;]","og_url":"https:\/\/otomatec.com\/tr\/about-us\/","og_site_name":"Otomatec","article_modified_time":"2025-01-01T10:16:22+00:00","og_image":[{"url":"https:\/\/otomatec.com\/wp-content\/uploads\/2024\/08\/IMG_2836-scaled.jpg","type":"","width":"","height":""}],"twitter_card":"summary_large_image","twitter_misc":{"Tahmini okuma s\u00fcresi":"1 dakika"},"schema":{"@context":"https:\/\/schema.org","@graph":[{"@type":"WebPage","@id":"https:\/\/otomatec.com\/tr\/about-us\/","url":"https:\/\/otomatec.com\/tr\/about-us\/","name":"Hakk\u0131m\u0131zda - Otomatec","isPartOf":{"@id":"https:\/\/otomatec.com\/tr\/#website"},"primaryImageOfPage":{"@id":"https:\/\/otomatec.com\/tr\/about-us\/#primaryimage"},"image":{"@id":"https:\/\/otomatec.com\/tr\/about-us\/#primaryimage"},"thumbnailUrl":"https:\/\/otomatec.com\/wp-content\/uploads\/2024\/08\/IMG_2836-scaled.jpg","datePublished":"2022-12-21T16:53:38+00:00","dateModified":"2025-01-01T10:16:22+00:00","breadcrumb":{"@id":"https:\/\/otomatec.com\/tr\/about-us\/#breadcrumb"},"inLanguage":"tr","potentialAction":[{"@type":"ReadAction","target":["https:\/\/otomatec.com\/tr\/about-us\/"]}]},{"@type":"ImageObject","inLanguage":"tr","@id":"https:\/\/otomatec.com\/tr\/about-us\/#primaryimage","url":"https:\/\/otomatec.com\/wp-content\/uploads\/2024\/08\/IMG_2836-scaled.jpg","contentUrl":"https:\/\/otomatec.com\/wp-content\/uploads\/2024\/08\/IMG_2836-scaled.jpg"},{"@type":"BreadcrumbList","@id":"https:\/\/otomatec.com\/tr\/about-us\/#breadcrumb","itemListElement":[{"@type":"ListItem","position":1,"name":"Home","item":"https:\/\/otomatec.com\/tr\/"},{"@type":"ListItem","position":2,"name":"Hakk\u0131m\u0131zda"}]},{"@type":"WebSite","@id":"https:\/\/otomatec.com\/tr\/#website","url":"https:\/\/otomatec.com\/tr\/","name":"Otomatec","description":"DSG Repair Kit","publisher":{"@id":"https:\/\/otomatec.com\/tr\/#organization"},"potentialAction":[{"@type":"SearchAction","target":{"@type":"EntryPoint","urlTemplate":"https:\/\/otomatec.com\/tr\/?s={search_term_string}"},"query-input":{"@type":"PropertyValueSpecification","valueRequired":true,"valueName":"search_term_string"}}],"inLanguage":"tr"},{"@type":"Organization","@id":"https:\/\/otomatec.com\/tr\/#organization","name":"Otomatec Autmotive Ltd.","url":"https:\/\/otomatec.com\/tr\/","logo":{"@type":"ImageObject","inLanguage":"tr","@id":"https:\/\/otomatec.com\/tr\/#\/schema\/logo\/image\/","url":"https:\/\/otomatec.com\/wp-content\/uploads\/2022\/12\/Otomatec-4-1.png","contentUrl":"https:\/\/otomatec.com\/wp-content\/uploads\/2022\/12\/Otomatec-4-1.png","width":475,"height":82,"caption":"Otomatec Autmotive Ltd."},"image":{"@id":"https:\/\/otomatec.com\/tr\/#\/schema\/logo\/image\/"}}]}},"_links":{"self":[{"href":"https:\/\/otomatec.com\/tr\/wp-json\/wp\/v2\/pages\/4618","targetHints":{"allow":["GET"]}}],"collection":[{"href":"https:\/\/otomatec.com\/tr\/wp-json\/wp\/v2\/pages"}],"about":[{"href":"https:\/\/otomatec.com\/tr\/wp-json\/wp\/v2\/types\/page"}],"author":[{"embeddable":true,"href":"https:\/\/otomatec.com\/tr\/wp-json\/wp\/v2\/users\/1"}],"replies":[{"embeddable":true,"href":"https:\/\/otomatec.com\/tr\/wp-json\/wp\/v2\/comments?post=4618"}],"version-history":[{"count":5,"href":"https:\/\/otomatec.com\/tr\/wp-json\/wp\/v2\/pages\/4618\/revisions"}],"predecessor-version":[{"id":4819,"href":"https:\/\/otomatec.com\/tr\/wp-json\/wp\/v2\/pages\/4618\/revisions\/4819"}],"wp:attachment":[{"href":"https:\/\/otomatec.com\/tr\/wp-json\/wp\/v2\/media?parent=4618"}],"curies":[{"name":"wp","href":"https:\/\/api.w.org\/{rel}","templated":true}]}}