{"id":4756,"date":"2022-12-22T12:32:55","date_gmt":"2022-12-22T12:32:55","guid":{"rendered":"https:\/\/otomatec.com\/product\/dsg-7-dq200-mechatronic-accumulator-wrench\/"},"modified":"2025-01-01T10:01:36","modified_gmt":"2025-01-01T10:01:36","slug":"dsg-7-dq200-mechatronic-accumulator-wrench","status":"publish","type":"product","link":"https:\/\/otomatec.com\/pt-br\/produto\/dsg-7-dq200-mechatronic-accumulator-wrench\/","title":{"rendered":"Acumulador Mecatr\u00f4nico DSG 7 \/ DQ200 (Chave inglesa)"},"content":{"rendered":"<p>A Otomatec \u00e9 a fabricante e vendedora l\u00edder mundial de Acumuladores DSG refor\u00e7ados. Com o produto que desenvolvemos, voc\u00ea se livrar\u00e1 das dificuldades de troca de marchas causadas pelo afrouxamento do tubo devido ao Tubo de Press\u00e3o DSG original, esmagamento do anel de veda\u00e7\u00e3o e rachaduras na placa. O kit de reparo DSG 7 DQ200 consiste em um acumulador hidr\u00e1ulico feito de a\u00e7o de primeira qualidade. Com nosso produto, que \u00e9 projetado para f\u00e1cil instala\u00e7\u00e3o, voc\u00ea pode consertar seus problemas em menos de uma hora.<\/p>\n<h2>C\u00f3digos de falha resolvidos<\/h2>\n<p>P189C \/ 006300 \u2013 Restri\u00e7\u00e3o de fun\u00e7\u00e3o devido a ac\u00famulo de press\u00e3o insuficiente<br \/>\nP17BF \/ 06079 \u2013 Limite m\u00e1ximo de prote\u00e7\u00e3o da bomba atingido<br \/>\nP1895 \u2013 Restri\u00e7\u00e3o devido \u00e0 queda de press\u00e3o<\/p>\n<h2>Marcas compat\u00edveis<\/h2>\n<p>Volkswagen, Audi, Seat, Skoda<\/p>\n<h2>Transmiss\u00f5es compat\u00edveis<\/h2>\n<p>Compat\u00edvel com todas as transmiss\u00f5es DSG7 \/ DQ200<br \/>\n0AM 325 025 M Z1L<br \/>\n0AM 325 025 M Z2B<br \/>\n0AM 325 025 M Z2N<br \/>\n0AM 325 025K Z6D<br \/>\n0AM 325 025K Z6C<br \/>\n0AM 325 025K Z6T<\/p>\n<p>0AM 927 769 D<br \/>\n0AM 927 769 K<br \/>\n0AM 927 769 G<br \/>\n0AM 325 025 D<br \/>\n0AM 325 025 H<br \/>\n0AM 325 065 N<br \/>\n0AM 325 025 J<br \/>\n0AM 325 065 L<br \/>\n0AM 325 065 S<\/p>\n<h2>Modelos compat\u00edveis<\/h2>\n<p>Audi A1 2008-2011 1.4l 1.6l 7 velocidades<br \/>\nAudi A1 (8X) com caixa de c\u00e2mbio de dupla embreagem de 7 velocidades Anos do modelo 2011-2016<br \/>\nAudi A3 (8P, 8V) com caixa de c\u00e2mbio de dupla embreagem de 7 velocidades Anos do modelo 2008-2016<br \/>\nAudi Q3 2011 1.4l 1.6l 1.8l 7 velocidades<br \/>\nAudi TT (8J) com caixa de c\u00e2mbio de dupla embreagem de 7 velocidades Anos do modelo 2012-2016<br \/>\nSEAT Altea \/ XL 2009-2011 1.6l 1.8l 7 velocidades<br \/>\nSEAT Ibiza 2009-2011 1.2l 1.4l 1.6l 7 velocidades<br \/>\nSEAT Leon 2007-2011 1.8l 7 velocidades<br \/>\nSkoda Fabia 2010- 2011 2013-2015 7 velocidades<br \/>\nSkoda Modela 2011 1.4l 1.6l 7 velocidades<br \/>\nSkoda Octavia Anos Modelo 2009-2015 7 velocidades<br \/>\nSkoda Superb Anos Modelo 2008-2015 7 velocidades<br \/>\nSkoda Rapid Anos Modelo 2014-2015 7 velocidades<br \/>\nSkoda Roomster Anos Modelo 2013-2014 7 velocidades<br \/>\nSkoda Yeti Anos Modelo 2013-2015 7 velocidade<br \/>\nVolkswagen Fusca \/ convers\u00edvel Anos do modelo 2011-2015 7 velocidades<br \/>\nVolkswagen Bora 2010-2011 1.4l 1.6l 7 velocidades<br \/>\nVolkswagen Caddy Anos do modelo 2010-2015 7 velocidades<br \/>\nVolkswagen Golf \/ Golf Plus Anos do modelo 2007-2015 7 velocidades<br \/>\nVolkswagen Jetta \/ Jetta Wagon Anos do modelo 2008-2015 7 velocidades<br \/>\nVolkswagen Lavida 2010-2011 1.4l 1.6l 7 velocidades<br \/>\nVolkswagen Passat Anos do modelo 2008-2015 7 velocidades<br \/>\nVolkswagen Polo Anos do modelo 2007-2015 7 velocidades<br \/>\nVolkswagen Sagitar 2009-2011 1.4l 7 velocidades<br \/>\nVolkswagen Scirocco 2008-2011 1.4l 7 velocidades<br \/>\nVolkswagen Sharan 2010-2011 1.4l 7 velocidades<br \/>\nVolkswagen Tiguan 2011 1.8l 7 velocidades<br \/>\nVolkswagen Touran 2010-2011 1.4l 1.6l 1.8l 7 velocidades<\/p>\n","protected":false},"excerpt":{"rendered":"<p>O kit de reparo Otomatec DSG resolve os c\u00f3digos de falha P17BF, P189C e P1895 em uma transmiss\u00e3o DSG. Este kit inclui componentes de substitui\u00e7\u00e3o para a unidade mecatr\u00f4nica, ajudando a resolver problemas comuns de transmiss\u00e3o, como trocas de marchas err\u00e1ticas e perda de pot\u00eancia. Ao usar este kit, os motoristas podem restaurar o desempenho da transmiss\u00e3o DSG e melhorar sua experi\u00eancia de dire\u00e7\u00e3o.<\/p>\n<p>Nosso produto tem garantia de 2 anos e suporte p\u00f3s-venda de 5 anos.<\/p>\n<p>Compat\u00edvel com todas as transmiss\u00f5es DSG 7\/DQ200.<\/p>\n<p>Al\u00e9m disso, a chave de montagem espec\u00edfica do produto \u00e9 enviada gratuitamente.<\/p>\n","protected":false},"featured_media":3934,"template":"","meta":{"site-sidebar-layout":"default","site-content-layout":"default","ast-site-content-layout":"default","site-content-style":"default","site-sidebar-style":"default","ast-global-header-display":"","ast-banner-title-visibility":"","ast-main-header-display":"","ast-hfb-above-header-display":"","ast-hfb-below-header-display":"","ast-hfb-mobile-header-display":"","site-post-title":"","ast-breadcrumbs-content":"","ast-featured-img":"","footer-sml-layout":"","theme-transparent-header-meta":"default","adv-header-id-meta":"","stick-header-meta":"","header-above-stick-meta":"","header-main-stick-meta":"","header-below-stick-meta":"","astra-migrate-meta-layouts":"set","ast-page-background-enabled":"default","ast-page-background-meta":{"desktop":{"background-color":"var(--ast-global-color-4)","background-image":"","background-repeat":"repeat","background-position":"center center","background-size":"auto","background-attachment":"scroll","background-type":"","background-media":"","overlay-type":"","overlay-color":"","overlay-opacity":"","overlay-gradient":""},"tablet":{"background-color":"","background-image":"","background-repeat":"repeat","background-position":"center center","background-size":"auto","background-attachment":"scroll","background-type":"","background-media":"","overlay-type":"","overlay-color":"","overlay-opacity":"","overlay-gradient":""},"mobile":{"background-color":"","background-image":"","background-repeat":"repeat","background-position":"center center","background-size":"auto","background-attachment":"scroll","background-type":"","background-media":"","overlay-type":"","overlay-color":"","overlay-opacity":"","overlay-gradient":""}},"ast-content-background-meta":{"desktop":{"background-color":"var(--ast-global-color-5)","background-image":"","background-repeat":"repeat","background-position":"center center","background-size":"auto","background-attachment":"scroll","background-type":"","background-media":"","overlay-type":"","overlay-color":"","overlay-opacity":"","overlay-gradient":""},"tablet":{"background-color":"var(--ast-global-color-5)","background-image":"","background-repeat":"repeat","background-position":"center center","background-size":"auto","background-attachment":"scroll","background-type":"","background-media":"","overlay-type":"","overlay-color":"","overlay-opacity":"","overlay-gradient":""},"mobile":{"background-color":"var(--ast-global-color-5)","background-image":"","background-repeat":"repeat","background-position":"center center","background-size":"auto","background-attachment":"scroll","background-type":"","background-media":"","overlay-type":"","overlay-color":"","overlay-opacity":"","overlay-gradient":""}}},"product_brand":[],"product_cat":[79],"product_tag":[],"class_list":{"0":"post-4756","1":"product","2":"type-product","3":"status-publish","4":"has-post-thumbnail","6":"product_cat-gearbox-pt-br","7":"desktop-align-left","8":"tablet-align-left","9":"mobile-align-left","10":"ast-product-gallery-layout-vertical-slider","11":"ast-magnify-disabled","12":"ast-product-tabs-layout-vertical","14":"first","15":"instock","16":"shipping-taxable","17":"product-type-simple"},"yoast_head":"<!-- This site is optimized with the Yoast SEO plugin v25.2 - https:\/\/yoast.com\/wordpress\/plugins\/seo\/ -->\n<title>Acumulador Mecatr\u00f4nico DSG 7 \/ DQ200 (Chave inglesa) - Otomatec<\/title>\n<meta name=\"robots\" content=\"index, follow, max-snippet:-1, max-image-preview:large, max-video-preview:-1\" \/>\n<link rel=\"canonical\" href=\"https:\/\/otomatec.com\/pt-br\/produto\/dsg-7-dq200-mechatronic-accumulator-wrench\/\" \/>\n<meta property=\"og:locale\" content=\"pt_BR\" \/>\n<meta property=\"og:type\" content=\"article\" \/>\n<meta property=\"og:title\" content=\"Acumulador Mecatr\u00f4nico DSG 7 \/ DQ200 (Chave inglesa) - Otomatec\" \/>\n<meta property=\"og:description\" content=\"O kit de reparo Otomatec DSG resolve os c\u00f3digos de falha P17BF, P189C e P1895 em uma transmiss\u00e3o DSG. Este kit inclui componentes de substitui\u00e7\u00e3o para a unidade mecatr\u00f4nica, ajudando a resolver problemas comuns de transmiss\u00e3o, como trocas de marchas err\u00e1ticas e perda de pot\u00eancia. Ao usar este kit, os motoristas podem restaurar o desempenho da transmiss\u00e3o DSG e melhorar sua experi\u00eancia de dire\u00e7\u00e3o.  Nosso produto tem garantia de 2 anos e suporte p\u00f3s-venda de 5 anos.  Compat\u00edvel com todas as transmiss\u00f5es DSG 7\/DQ200.  Al\u00e9m disso, a chave de montagem espec\u00edfica do produto \u00e9 enviada gratuitamente.\" \/>\n<meta property=\"og:url\" content=\"https:\/\/otomatec.com\/pt-br\/produto\/dsg-7-dq200-mechatronic-accumulator-wrench\/\" \/>\n<meta property=\"og:site_name\" content=\"Otomatec\" \/>\n<meta property=\"article:modified_time\" content=\"2025-01-01T10:01:36+00:00\" \/>\n<meta property=\"og:image\" content=\"https:\/\/otomatec.com\/wp-content\/uploads\/2024\/08\/9.png\" \/>\n\t<meta property=\"og:image:width\" content=\"500\" \/>\n\t<meta property=\"og:image:height\" content=\"500\" \/>\n\t<meta property=\"og:image:type\" content=\"image\/png\" \/>\n<meta name=\"twitter:card\" content=\"summary_large_image\" \/>\n<meta name=\"twitter:label1\" content=\"Est. tempo de leitura\" \/>\n\t<meta name=\"twitter:data1\" content=\"3 minutos\" \/>\n<script type=\"application\/ld+json\" class=\"yoast-schema-graph\">{\"@context\":\"https:\/\/schema.org\",\"@graph\":[{\"@type\":\"WebPage\",\"@id\":\"https:\/\/otomatec.com\/pt-br\/produto\/dsg-7-dq200-mechatronic-accumulator-wrench\/\",\"url\":\"https:\/\/otomatec.com\/pt-br\/produto\/dsg-7-dq200-mechatronic-accumulator-wrench\/\",\"name\":\"Acumulador Mecatr\u00f4nico DSG 7 \/ DQ200 (Chave inglesa) - Otomatec\",\"isPartOf\":{\"@id\":\"https:\/\/otomatec.com\/pt-br\/#website\"},\"primaryImageOfPage\":{\"@id\":\"https:\/\/otomatec.com\/pt-br\/produto\/dsg-7-dq200-mechatronic-accumulator-wrench\/#primaryimage\"},\"image\":{\"@id\":\"https:\/\/otomatec.com\/pt-br\/produto\/dsg-7-dq200-mechatronic-accumulator-wrench\/#primaryimage\"},\"thumbnailUrl\":\"https:\/\/otomatec.com\/wp-content\/uploads\/2024\/08\/9.png\",\"datePublished\":\"2022-12-22T12:32:55+00:00\",\"dateModified\":\"2025-01-01T10:01:36+00:00\",\"breadcrumb\":{\"@id\":\"https:\/\/otomatec.com\/pt-br\/produto\/dsg-7-dq200-mechatronic-accumulator-wrench\/#breadcrumb\"},\"inLanguage\":\"pt-BR\",\"potentialAction\":[{\"@type\":\"ReadAction\",\"target\":[\"https:\/\/otomatec.com\/pt-br\/produto\/dsg-7-dq200-mechatronic-accumulator-wrench\/\"]}]},{\"@type\":\"ImageObject\",\"inLanguage\":\"pt-BR\",\"@id\":\"https:\/\/otomatec.com\/pt-br\/produto\/dsg-7-dq200-mechatronic-accumulator-wrench\/#primaryimage\",\"url\":\"https:\/\/otomatec.com\/wp-content\/uploads\/2024\/08\/9.png\",\"contentUrl\":\"https:\/\/otomatec.com\/wp-content\/uploads\/2024\/08\/9.png\",\"width\":500,\"height\":500},{\"@type\":\"BreadcrumbList\",\"@id\":\"https:\/\/otomatec.com\/pt-br\/produto\/dsg-7-dq200-mechatronic-accumulator-wrench\/#breadcrumb\",\"itemListElement\":[{\"@type\":\"ListItem\",\"position\":1,\"name\":\"Home\",\"item\":\"https:\/\/otomatec.com\/pt-br\/home2\/\"},{\"@type\":\"ListItem\",\"position\":2,\"name\":\"Loja\",\"item\":\"https:\/\/otomatec.com\/pt-br\/loja\/\"},{\"@type\":\"ListItem\",\"position\":3,\"name\":\"Acumulador Mecatr\u00f4nico DSG 7 \/ DQ200 (Chave inglesa)\"}]},{\"@type\":\"WebSite\",\"@id\":\"https:\/\/otomatec.com\/pt-br\/#website\",\"url\":\"https:\/\/otomatec.com\/pt-br\/\",\"name\":\"Otomatec\",\"description\":\"DSG Repair Kit\",\"publisher\":{\"@id\":\"https:\/\/otomatec.com\/pt-br\/#organization\"},\"potentialAction\":[{\"@type\":\"SearchAction\",\"target\":{\"@type\":\"EntryPoint\",\"urlTemplate\":\"https:\/\/otomatec.com\/pt-br\/?s={search_term_string}\"},\"query-input\":{\"@type\":\"PropertyValueSpecification\",\"valueRequired\":true,\"valueName\":\"search_term_string\"}}],\"inLanguage\":\"pt-BR\"},{\"@type\":\"Organization\",\"@id\":\"https:\/\/otomatec.com\/pt-br\/#organization\",\"name\":\"Otomatec Autmotive Ltd.\",\"url\":\"https:\/\/otomatec.com\/pt-br\/\",\"logo\":{\"@type\":\"ImageObject\",\"inLanguage\":\"pt-BR\",\"@id\":\"https:\/\/otomatec.com\/pt-br\/#\/schema\/logo\/image\/\",\"url\":\"https:\/\/otomatec.com\/wp-content\/uploads\/2022\/12\/Otomatec-4-1.png\",\"contentUrl\":\"https:\/\/otomatec.com\/wp-content\/uploads\/2022\/12\/Otomatec-4-1.png\",\"width\":475,\"height\":82,\"caption\":\"Otomatec Autmotive Ltd.\"},\"image\":{\"@id\":\"https:\/\/otomatec.com\/pt-br\/#\/schema\/logo\/image\/\"}}]}<\/script>\n<!-- \/ Yoast SEO plugin. -->","yoast_head_json":{"title":"Acumulador Mecatr\u00f4nico DSG 7 \/ DQ200 (Chave inglesa) - Otomatec","robots":{"index":"index","follow":"follow","max-snippet":"max-snippet:-1","max-image-preview":"max-image-preview:large","max-video-preview":"max-video-preview:-1"},"canonical":"https:\/\/otomatec.com\/pt-br\/produto\/dsg-7-dq200-mechatronic-accumulator-wrench\/","og_locale":"pt_BR","og_type":"article","og_title":"Acumulador Mecatr\u00f4nico DSG 7 \/ DQ200 (Chave inglesa) - Otomatec","og_description":"O kit de reparo Otomatec DSG resolve os c\u00f3digos de falha P17BF, P189C e P1895 em uma transmiss\u00e3o DSG. Este kit inclui componentes de substitui\u00e7\u00e3o para a unidade mecatr\u00f4nica, ajudando a resolver problemas comuns de transmiss\u00e3o, como trocas de marchas err\u00e1ticas e perda de pot\u00eancia. Ao usar este kit, os motoristas podem restaurar o desempenho da transmiss\u00e3o DSG e melhorar sua experi\u00eancia de dire\u00e7\u00e3o.  Nosso produto tem garantia de 2 anos e suporte p\u00f3s-venda de 5 anos.  Compat\u00edvel com todas as transmiss\u00f5es DSG 7\/DQ200.  Al\u00e9m disso, a chave de montagem espec\u00edfica do produto \u00e9 enviada gratuitamente.","og_url":"https:\/\/otomatec.com\/pt-br\/produto\/dsg-7-dq200-mechatronic-accumulator-wrench\/","og_site_name":"Otomatec","article_modified_time":"2025-01-01T10:01:36+00:00","og_image":[{"width":500,"height":500,"url":"https:\/\/otomatec.com\/wp-content\/uploads\/2024\/08\/9.png","type":"image\/png"}],"twitter_card":"summary_large_image","twitter_misc":{"Est. tempo de leitura":"3 minutos"},"schema":{"@context":"https:\/\/schema.org","@graph":[{"@type":"WebPage","@id":"https:\/\/otomatec.com\/pt-br\/produto\/dsg-7-dq200-mechatronic-accumulator-wrench\/","url":"https:\/\/otomatec.com\/pt-br\/produto\/dsg-7-dq200-mechatronic-accumulator-wrench\/","name":"Acumulador Mecatr\u00f4nico DSG 7 \/ DQ200 (Chave inglesa) - Otomatec","isPartOf":{"@id":"https:\/\/otomatec.com\/pt-br\/#website"},"primaryImageOfPage":{"@id":"https:\/\/otomatec.com\/pt-br\/produto\/dsg-7-dq200-mechatronic-accumulator-wrench\/#primaryimage"},"image":{"@id":"https:\/\/otomatec.com\/pt-br\/produto\/dsg-7-dq200-mechatronic-accumulator-wrench\/#primaryimage"},"thumbnailUrl":"https:\/\/otomatec.com\/wp-content\/uploads\/2024\/08\/9.png","datePublished":"2022-12-22T12:32:55+00:00","dateModified":"2025-01-01T10:01:36+00:00","breadcrumb":{"@id":"https:\/\/otomatec.com\/pt-br\/produto\/dsg-7-dq200-mechatronic-accumulator-wrench\/#breadcrumb"},"inLanguage":"pt-BR","potentialAction":[{"@type":"ReadAction","target":["https:\/\/otomatec.com\/pt-br\/produto\/dsg-7-dq200-mechatronic-accumulator-wrench\/"]}]},{"@type":"ImageObject","inLanguage":"pt-BR","@id":"https:\/\/otomatec.com\/pt-br\/produto\/dsg-7-dq200-mechatronic-accumulator-wrench\/#primaryimage","url":"https:\/\/otomatec.com\/wp-content\/uploads\/2024\/08\/9.png","contentUrl":"https:\/\/otomatec.com\/wp-content\/uploads\/2024\/08\/9.png","width":500,"height":500},{"@type":"BreadcrumbList","@id":"https:\/\/otomatec.com\/pt-br\/produto\/dsg-7-dq200-mechatronic-accumulator-wrench\/#breadcrumb","itemListElement":[{"@type":"ListItem","position":1,"name":"Home","item":"https:\/\/otomatec.com\/pt-br\/home2\/"},{"@type":"ListItem","position":2,"name":"Loja","item":"https:\/\/otomatec.com\/pt-br\/loja\/"},{"@type":"ListItem","position":3,"name":"Acumulador Mecatr\u00f4nico DSG 7 \/ DQ200 (Chave inglesa)"}]},{"@type":"WebSite","@id":"https:\/\/otomatec.com\/pt-br\/#website","url":"https:\/\/otomatec.com\/pt-br\/","name":"Otomatec","description":"DSG Repair Kit","publisher":{"@id":"https:\/\/otomatec.com\/pt-br\/#organization"},"potentialAction":[{"@type":"SearchAction","target":{"@type":"EntryPoint","urlTemplate":"https:\/\/otomatec.com\/pt-br\/?s={search_term_string}"},"query-input":{"@type":"PropertyValueSpecification","valueRequired":true,"valueName":"search_term_string"}}],"inLanguage":"pt-BR"},{"@type":"Organization","@id":"https:\/\/otomatec.com\/pt-br\/#organization","name":"Otomatec Autmotive Ltd.","url":"https:\/\/otomatec.com\/pt-br\/","logo":{"@type":"ImageObject","inLanguage":"pt-BR","@id":"https:\/\/otomatec.com\/pt-br\/#\/schema\/logo\/image\/","url":"https:\/\/otomatec.com\/wp-content\/uploads\/2022\/12\/Otomatec-4-1.png","contentUrl":"https:\/\/otomatec.com\/wp-content\/uploads\/2022\/12\/Otomatec-4-1.png","width":475,"height":82,"caption":"Otomatec Autmotive Ltd."},"image":{"@id":"https:\/\/otomatec.com\/pt-br\/#\/schema\/logo\/image\/"}}]}},"_links":{"self":[{"href":"https:\/\/otomatec.com\/pt-br\/wp-json\/wp\/v2\/product\/4756","targetHints":{"allow":["GET"]}}],"collection":[{"href":"https:\/\/otomatec.com\/pt-br\/wp-json\/wp\/v2\/product"}],"about":[{"href":"https:\/\/otomatec.com\/pt-br\/wp-json\/wp\/v2\/types\/product"}],"wp:featuredmedia":[{"embeddable":true,"href":"https:\/\/otomatec.com\/pt-br\/wp-json\/wp\/v2\/media\/3934"}],"wp:attachment":[{"href":"https:\/\/otomatec.com\/pt-br\/wp-json\/wp\/v2\/media?parent=4756"}],"wp:term":[{"taxonomy":"product_brand","embeddable":true,"href":"https:\/\/otomatec.com\/pt-br\/wp-json\/wp\/v2\/product_brand?post=4756"},{"taxonomy":"product_cat","embeddable":true,"href":"https:\/\/otomatec.com\/pt-br\/wp-json\/wp\/v2\/product_cat?post=4756"},{"taxonomy":"product_tag","embeddable":true,"href":"https:\/\/otomatec.com\/pt-br\/wp-json\/wp\/v2\/product_tag?post=4756"}],"curies":[{"name":"wp","href":"https:\/\/api.w.org\/{rel}","templated":true}]}}