{"id":4736,"date":"2023-04-04T17:57:04","date_gmt":"2023-04-04T17:57:04","guid":{"rendered":"https:\/\/otomatec.com\/product\/dsg-7-dq200-mechatronic-accumulator-original\/"},"modified":"2025-01-01T09:35:51","modified_gmt":"2025-01-01T09:35:51","slug":"dsg-7-dq200-mechatronic-accumulator-original","status":"publish","type":"product","link":"https:\/\/otomatec.com\/fr\/produit\/dsg-7-dq200-mechatronic-accumulator-original\/","title":{"rendered":"Accumulateur m\u00e9catronique DSG 7 \/ DQ200 (d&rsquo;origine)"},"content":{"rendered":"<p>La pression hydraulique est stock\u00e9e dans l&rsquo;accumulateur d&rsquo;origine d&rsquo;Otomatec et utilis\u00e9e pour actionner le m\u00e9canisme de changement de vitesse de la transmission. \u00c9l\u00e9ment essentiel de la transmission, l&rsquo;accumulateur contribue \u00e0 des changements de vitesse en douceur et r\u00e9duit l&rsquo;usure et la tension sur d&rsquo;autres pi\u00e8ces de la transmission. Mais avec le temps, l&rsquo;accumulateur peut subir sa propre usure, ce qui peut entra\u00eener un certain nombre de probl\u00e8mes li\u00e9s \u00e0 la transmission. Des changements de vitesse difficiles, des changements de vitesse retard\u00e9s et des vitesses qui glissent sont des signes typiques d&rsquo;un accumulateur d\u00e9fectueux.<\/p>\n<h2>Marques compatibles<\/h2>\n<p>Volkswagen, Audi, Seat, Skoda<\/p>\n<h2>Transmissions compatibles<\/h2>\n<p>Compatible avec toutes les transmissions DSG7 \/ DQ200<br \/>\n0AM 325 025 M Z1L<br \/>\n0AM 325 025 M Z2B<br \/>\n0AM 325 025 M Z2N<br \/>\n0AM 325 025K Z6D<br \/>\n0AM 325 025K Z6C<br \/>\n0AM 325 025K Z6T<\/p>\n<p>0AM 927 769 D<br \/>\n0AM 927 769 K<br \/>\n0AM 927 769 G<br \/>\n0AM 325 025 D<br \/>\n0AM 325 025 H<br \/>\n0AM 325 065 N<br \/>\n0AM 325 025 J<br \/>\n0AM 325 065 L<br \/>\n0AM 325 065 S<\/p>\n<h2>Mod\u00e8les compatibles<\/h2>\n<p>Audi A1 2008-2011 1,4l 1,6l 7 vitesses<br \/>\nAudi A1 (8X) avec bo\u00eete de vitesses \u00e0 double embrayage \u00e0 7 vitesses Ann\u00e9es mod\u00e8les 2011-2016<br \/>\nAudi A3 (8P, 8V) avec bo\u00eete de vitesses \u00e0 double embrayage \u00e0 7 vitesses Ann\u00e9es mod\u00e8les 2008-2016<br \/>\nAudi Q3 2011 1,4l 1,6l 1,8l 7 vitesses<br \/>\nAudi TT (8J) avec bo\u00eete de vitesses \u00e0 double embrayage \u00e0 7 vitesses Ann\u00e9es mod\u00e8les 2012-2016<br \/>\nSEAT Altea \/ XL 2009-2011 1,6l 1,8l 7 vitesses<br \/>\nSEAT Ibiza 2009-2011 1,2l 1,4l 1,6l 7 vitesses<br \/>\nSEAT Leon 2007-2011 1,8l 7 vitesses<br \/>\nSkoda Fabia 2010- 2011 2013-2015 7 vitesses<br \/>\nSkoda Modela 2011 1,4l 1,6l 7 vitesses<br \/>\nSkoda Octavia Ann\u00e9es mod\u00e8les 2009-2015 7 vitesses<br \/>\nSkoda Superb Ann\u00e9es mod\u00e8les 2008-2015 7 vitesses<br \/>\nSkoda Rapid Ann\u00e9es mod\u00e8les 2014-2015 7 vitesses<br \/>\nSkoda Roomster Ann\u00e9es mod\u00e8les 2013-2014 7 vitesses<br \/>\nSkoda Yeti Ann\u00e9es mod\u00e8les 2013-2015 7 vitesses<br \/>\nVolkswagen Beetle \/ cabriolet Ann\u00e9es mod\u00e8les 2011-2015 7 vitesses<br \/>\nVolkswagen Bora 2010-2011 1,4l 1,6l 7 vitesses<br \/>\nVolkswagen Caddy Ann\u00e9es mod\u00e8les 2010-2015 7 vitesses<br \/>\nVolkswagen Golf \/ Golf Plus Ann\u00e9es mod\u00e8les 2007-2015 7 vitesses<br \/>\nVolkswagen Jetta \/ Jetta Wagon Ann\u00e9es mod\u00e8les 2008-2015 7 vitesses<br \/>\nVolkswagen Lavida 2010-2011 1,4l 1,6l 7 vitesses<br \/>\nVolkswagen Passat Ann\u00e9es mod\u00e8les 2008-2015 7 vitesses<br \/>\nVolkswagen Polo Ann\u00e9es mod\u00e8les 2007-2015 7 vitesses<br \/>\nVolkswagen Sagitar 2009-2011 1,4l 7 vitesses<br \/>\nVolkswagen Scirocco 2008-2011 1,4l 7 vitesses<br \/>\nVolkswagen Sharan 2010-2011 1,4l 7 vitesses<br \/>\nVolkswagen Tiguan 2011 1,8l 7 vitesses<br \/>\nVolkswagen Touran 2010-2011 1,4l 1,6l 1,8l 7 vitesse<\/p>\n","protected":false},"excerpt":{"rendered":"<p>L&rsquo;accumulateur m\u00e9catronique d&rsquo;origine pour DSG 7\/DQ200 r\u00e9gule la pression hydraulique \u00e0 l&rsquo;int\u00e9rieur de la transmission. Ce composant assure des changements de vitesse stables et efficaces en stockant et en lib\u00e9rant l&rsquo;\u00e9nergie hydraulique selon les besoins. L&rsquo;utilisation d&rsquo;une pi\u00e8ce d&rsquo;origine garantit la compatibilit\u00e9 et la fiabilit\u00e9, r\u00e9duisant ainsi le risque de dysfonctionnement et pr\u00e9servant les performances optimales de la transmission.<\/p>\n","protected":false},"featured_media":3946,"template":"","meta":{"site-sidebar-layout":"default","site-content-layout":"default","ast-site-content-layout":"default","site-content-style":"default","site-sidebar-style":"default","ast-global-header-display":"","ast-banner-title-visibility":"","ast-main-header-display":"","ast-hfb-above-header-display":"","ast-hfb-below-header-display":"","ast-hfb-mobile-header-display":"","site-post-title":"","ast-breadcrumbs-content":"","ast-featured-img":"","footer-sml-layout":"","theme-transparent-header-meta":"default","adv-header-id-meta":"","stick-header-meta":"","header-above-stick-meta":"","header-main-stick-meta":"","header-below-stick-meta":"","astra-migrate-meta-layouts":"set","ast-page-background-enabled":"default","ast-page-background-meta":{"desktop":{"background-color":"var(--ast-global-color-4)","background-image":"","background-repeat":"repeat","background-position":"center center","background-size":"auto","background-attachment":"scroll","background-type":"","background-media":"","overlay-type":"","overlay-color":"","overlay-opacity":"","overlay-gradient":""},"tablet":{"background-color":"","background-image":"","background-repeat":"repeat","background-position":"center center","background-size":"auto","background-attachment":"scroll","background-type":"","background-media":"","overlay-type":"","overlay-color":"","overlay-opacity":"","overlay-gradient":""},"mobile":{"background-color":"","background-image":"","background-repeat":"repeat","background-position":"center center","background-size":"auto","background-attachment":"scroll","background-type":"","background-media":"","overlay-type":"","overlay-color":"","overlay-opacity":"","overlay-gradient":""}},"ast-content-background-meta":{"desktop":{"background-color":"var(--ast-global-color-5)","background-image":"","background-repeat":"repeat","background-position":"center center","background-size":"auto","background-attachment":"scroll","background-type":"","background-media":"","overlay-type":"","overlay-color":"","overlay-opacity":"","overlay-gradient":""},"tablet":{"background-color":"var(--ast-global-color-5)","background-image":"","background-repeat":"repeat","background-position":"center center","background-size":"auto","background-attachment":"scroll","background-type":"","background-media":"","overlay-type":"","overlay-color":"","overlay-opacity":"","overlay-gradient":""},"mobile":{"background-color":"var(--ast-global-color-5)","background-image":"","background-repeat":"repeat","background-position":"center center","background-size":"auto","background-attachment":"scroll","background-type":"","background-media":"","overlay-type":"","overlay-color":"","overlay-opacity":"","overlay-gradient":""}}},"product_brand":[],"product_cat":[77],"product_tag":[],"class_list":{"0":"post-4736","1":"product","2":"type-product","3":"status-publish","4":"has-post-thumbnail","6":"product_cat-gearbox-fr","7":"desktop-align-left","8":"tablet-align-left","9":"mobile-align-left","10":"ast-product-gallery-layout-vertical-slider","11":"ast-magnify-disabled","12":"ast-product-tabs-layout-vertical","14":"first","15":"instock","16":"shipping-taxable","17":"product-type-simple"},"yoast_head":"<!-- This site is optimized with the Yoast SEO plugin v25.2 - https:\/\/yoast.com\/wordpress\/plugins\/seo\/ -->\n<title>Accumulateur m\u00e9catronique DSG 7 \/ DQ200 (d&#039;origine) - Otomatec<\/title>\n<meta name=\"robots\" content=\"index, follow, max-snippet:-1, max-image-preview:large, max-video-preview:-1\" \/>\n<link rel=\"canonical\" href=\"https:\/\/otomatec.com\/fr\/produit\/dsg-7-dq200-mechatronic-accumulator-original\/\" \/>\n<meta property=\"og:locale\" content=\"fr_FR\" \/>\n<meta property=\"og:type\" content=\"article\" \/>\n<meta property=\"og:title\" content=\"Accumulateur m\u00e9catronique DSG 7 \/ DQ200 (d&#039;origine) - Otomatec\" \/>\n<meta property=\"og:description\" content=\"L&#039;accumulateur m\u00e9catronique d&#039;origine pour DSG 7\/DQ200 r\u00e9gule la pression hydraulique \u00e0 l&#039;int\u00e9rieur de la transmission. Ce composant assure des changements de vitesse stables et efficaces en stockant et en lib\u00e9rant l&#039;\u00e9nergie hydraulique selon les besoins. L&#039;utilisation d&#039;une pi\u00e8ce d&#039;origine garantit la compatibilit\u00e9 et la fiabilit\u00e9, r\u00e9duisant ainsi le risque de dysfonctionnement et pr\u00e9servant les performances optimales de la transmission.\" \/>\n<meta property=\"og:url\" content=\"https:\/\/otomatec.com\/fr\/produit\/dsg-7-dq200-mechatronic-accumulator-original\/\" \/>\n<meta property=\"og:site_name\" content=\"Otomatec\" \/>\n<meta property=\"article:modified_time\" content=\"2025-01-01T09:35:51+00:00\" \/>\n<meta property=\"og:image\" content=\"https:\/\/otomatec.com\/wp-content\/uploads\/2024\/08\/2.png\" \/>\n\t<meta property=\"og:image:width\" content=\"500\" \/>\n\t<meta property=\"og:image:height\" content=\"500\" \/>\n\t<meta property=\"og:image:type\" content=\"image\/png\" \/>\n<meta name=\"twitter:card\" content=\"summary_large_image\" \/>\n<meta name=\"twitter:label1\" content=\"Dur\u00e9e de lecture estim\u00e9e\" \/>\n\t<meta name=\"twitter:data1\" content=\"2 minutes\" \/>\n<script type=\"application\/ld+json\" class=\"yoast-schema-graph\">{\"@context\":\"https:\/\/schema.org\",\"@graph\":[{\"@type\":\"WebPage\",\"@id\":\"https:\/\/otomatec.com\/fr\/produit\/dsg-7-dq200-mechatronic-accumulator-original\/\",\"url\":\"https:\/\/otomatec.com\/fr\/produit\/dsg-7-dq200-mechatronic-accumulator-original\/\",\"name\":\"Accumulateur m\u00e9catronique DSG 7 \/ DQ200 (d'origine) - Otomatec\",\"isPartOf\":{\"@id\":\"https:\/\/otomatec.com\/fr\/#website\"},\"primaryImageOfPage\":{\"@id\":\"https:\/\/otomatec.com\/fr\/produit\/dsg-7-dq200-mechatronic-accumulator-original\/#primaryimage\"},\"image\":{\"@id\":\"https:\/\/otomatec.com\/fr\/produit\/dsg-7-dq200-mechatronic-accumulator-original\/#primaryimage\"},\"thumbnailUrl\":\"https:\/\/otomatec.com\/wp-content\/uploads\/2024\/08\/2.png\",\"datePublished\":\"2023-04-04T17:57:04+00:00\",\"dateModified\":\"2025-01-01T09:35:51+00:00\",\"breadcrumb\":{\"@id\":\"https:\/\/otomatec.com\/fr\/produit\/dsg-7-dq200-mechatronic-accumulator-original\/#breadcrumb\"},\"inLanguage\":\"fr-FR\",\"potentialAction\":[{\"@type\":\"ReadAction\",\"target\":[\"https:\/\/otomatec.com\/fr\/produit\/dsg-7-dq200-mechatronic-accumulator-original\/\"]}]},{\"@type\":\"ImageObject\",\"inLanguage\":\"fr-FR\",\"@id\":\"https:\/\/otomatec.com\/fr\/produit\/dsg-7-dq200-mechatronic-accumulator-original\/#primaryimage\",\"url\":\"https:\/\/otomatec.com\/wp-content\/uploads\/2024\/08\/2.png\",\"contentUrl\":\"https:\/\/otomatec.com\/wp-content\/uploads\/2024\/08\/2.png\",\"width\":500,\"height\":500},{\"@type\":\"BreadcrumbList\",\"@id\":\"https:\/\/otomatec.com\/fr\/produit\/dsg-7-dq200-mechatronic-accumulator-original\/#breadcrumb\",\"itemListElement\":[{\"@type\":\"ListItem\",\"position\":1,\"name\":\"Home\",\"item\":\"https:\/\/otomatec.com\/fr\/home2\/\"},{\"@type\":\"ListItem\",\"position\":2,\"name\":\"Boutique\",\"item\":\"https:\/\/otomatec.com\/fr\/boutique\/\"},{\"@type\":\"ListItem\",\"position\":3,\"name\":\"Accumulateur m\u00e9catronique DSG 7 \/ DQ200 (d&#8217;origine)\"}]},{\"@type\":\"WebSite\",\"@id\":\"https:\/\/otomatec.com\/fr\/#website\",\"url\":\"https:\/\/otomatec.com\/fr\/\",\"name\":\"Otomatec\",\"description\":\"DSG Repair Kit\",\"publisher\":{\"@id\":\"https:\/\/otomatec.com\/fr\/#organization\"},\"potentialAction\":[{\"@type\":\"SearchAction\",\"target\":{\"@type\":\"EntryPoint\",\"urlTemplate\":\"https:\/\/otomatec.com\/fr\/?s={search_term_string}\"},\"query-input\":{\"@type\":\"PropertyValueSpecification\",\"valueRequired\":true,\"valueName\":\"search_term_string\"}}],\"inLanguage\":\"fr-FR\"},{\"@type\":\"Organization\",\"@id\":\"https:\/\/otomatec.com\/fr\/#organization\",\"name\":\"Otomatec Autmotive Ltd.\",\"url\":\"https:\/\/otomatec.com\/fr\/\",\"logo\":{\"@type\":\"ImageObject\",\"inLanguage\":\"fr-FR\",\"@id\":\"https:\/\/otomatec.com\/fr\/#\/schema\/logo\/image\/\",\"url\":\"https:\/\/otomatec.com\/wp-content\/uploads\/2022\/12\/Otomatec-4-1.png\",\"contentUrl\":\"https:\/\/otomatec.com\/wp-content\/uploads\/2022\/12\/Otomatec-4-1.png\",\"width\":475,\"height\":82,\"caption\":\"Otomatec Autmotive Ltd.\"},\"image\":{\"@id\":\"https:\/\/otomatec.com\/fr\/#\/schema\/logo\/image\/\"}}]}<\/script>\n<!-- \/ Yoast SEO plugin. -->","yoast_head_json":{"title":"Accumulateur m\u00e9catronique DSG 7 \/ DQ200 (d'origine) - Otomatec","robots":{"index":"index","follow":"follow","max-snippet":"max-snippet:-1","max-image-preview":"max-image-preview:large","max-video-preview":"max-video-preview:-1"},"canonical":"https:\/\/otomatec.com\/fr\/produit\/dsg-7-dq200-mechatronic-accumulator-original\/","og_locale":"fr_FR","og_type":"article","og_title":"Accumulateur m\u00e9catronique DSG 7 \/ DQ200 (d'origine) - Otomatec","og_description":"L'accumulateur m\u00e9catronique d'origine pour DSG 7\/DQ200 r\u00e9gule la pression hydraulique \u00e0 l'int\u00e9rieur de la transmission. Ce composant assure des changements de vitesse stables et efficaces en stockant et en lib\u00e9rant l'\u00e9nergie hydraulique selon les besoins. L'utilisation d'une pi\u00e8ce d'origine garantit la compatibilit\u00e9 et la fiabilit\u00e9, r\u00e9duisant ainsi le risque de dysfonctionnement et pr\u00e9servant les performances optimales de la transmission.","og_url":"https:\/\/otomatec.com\/fr\/produit\/dsg-7-dq200-mechatronic-accumulator-original\/","og_site_name":"Otomatec","article_modified_time":"2025-01-01T09:35:51+00:00","og_image":[{"width":500,"height":500,"url":"https:\/\/otomatec.com\/wp-content\/uploads\/2024\/08\/2.png","type":"image\/png"}],"twitter_card":"summary_large_image","twitter_misc":{"Dur\u00e9e de lecture estim\u00e9e":"2 minutes"},"schema":{"@context":"https:\/\/schema.org","@graph":[{"@type":"WebPage","@id":"https:\/\/otomatec.com\/fr\/produit\/dsg-7-dq200-mechatronic-accumulator-original\/","url":"https:\/\/otomatec.com\/fr\/produit\/dsg-7-dq200-mechatronic-accumulator-original\/","name":"Accumulateur m\u00e9catronique DSG 7 \/ DQ200 (d'origine) - Otomatec","isPartOf":{"@id":"https:\/\/otomatec.com\/fr\/#website"},"primaryImageOfPage":{"@id":"https:\/\/otomatec.com\/fr\/produit\/dsg-7-dq200-mechatronic-accumulator-original\/#primaryimage"},"image":{"@id":"https:\/\/otomatec.com\/fr\/produit\/dsg-7-dq200-mechatronic-accumulator-original\/#primaryimage"},"thumbnailUrl":"https:\/\/otomatec.com\/wp-content\/uploads\/2024\/08\/2.png","datePublished":"2023-04-04T17:57:04+00:00","dateModified":"2025-01-01T09:35:51+00:00","breadcrumb":{"@id":"https:\/\/otomatec.com\/fr\/produit\/dsg-7-dq200-mechatronic-accumulator-original\/#breadcrumb"},"inLanguage":"fr-FR","potentialAction":[{"@type":"ReadAction","target":["https:\/\/otomatec.com\/fr\/produit\/dsg-7-dq200-mechatronic-accumulator-original\/"]}]},{"@type":"ImageObject","inLanguage":"fr-FR","@id":"https:\/\/otomatec.com\/fr\/produit\/dsg-7-dq200-mechatronic-accumulator-original\/#primaryimage","url":"https:\/\/otomatec.com\/wp-content\/uploads\/2024\/08\/2.png","contentUrl":"https:\/\/otomatec.com\/wp-content\/uploads\/2024\/08\/2.png","width":500,"height":500},{"@type":"BreadcrumbList","@id":"https:\/\/otomatec.com\/fr\/produit\/dsg-7-dq200-mechatronic-accumulator-original\/#breadcrumb","itemListElement":[{"@type":"ListItem","position":1,"name":"Home","item":"https:\/\/otomatec.com\/fr\/home2\/"},{"@type":"ListItem","position":2,"name":"Boutique","item":"https:\/\/otomatec.com\/fr\/boutique\/"},{"@type":"ListItem","position":3,"name":"Accumulateur m\u00e9catronique DSG 7 \/ DQ200 (d&#8217;origine)"}]},{"@type":"WebSite","@id":"https:\/\/otomatec.com\/fr\/#website","url":"https:\/\/otomatec.com\/fr\/","name":"Otomatec","description":"DSG Repair Kit","publisher":{"@id":"https:\/\/otomatec.com\/fr\/#organization"},"potentialAction":[{"@type":"SearchAction","target":{"@type":"EntryPoint","urlTemplate":"https:\/\/otomatec.com\/fr\/?s={search_term_string}"},"query-input":{"@type":"PropertyValueSpecification","valueRequired":true,"valueName":"search_term_string"}}],"inLanguage":"fr-FR"},{"@type":"Organization","@id":"https:\/\/otomatec.com\/fr\/#organization","name":"Otomatec Autmotive Ltd.","url":"https:\/\/otomatec.com\/fr\/","logo":{"@type":"ImageObject","inLanguage":"fr-FR","@id":"https:\/\/otomatec.com\/fr\/#\/schema\/logo\/image\/","url":"https:\/\/otomatec.com\/wp-content\/uploads\/2022\/12\/Otomatec-4-1.png","contentUrl":"https:\/\/otomatec.com\/wp-content\/uploads\/2022\/12\/Otomatec-4-1.png","width":475,"height":82,"caption":"Otomatec Autmotive Ltd."},"image":{"@id":"https:\/\/otomatec.com\/fr\/#\/schema\/logo\/image\/"}}]}},"_links":{"self":[{"href":"https:\/\/otomatec.com\/fr\/wp-json\/wp\/v2\/product\/4736","targetHints":{"allow":["GET"]}}],"collection":[{"href":"https:\/\/otomatec.com\/fr\/wp-json\/wp\/v2\/product"}],"about":[{"href":"https:\/\/otomatec.com\/fr\/wp-json\/wp\/v2\/types\/product"}],"wp:featuredmedia":[{"embeddable":true,"href":"https:\/\/otomatec.com\/fr\/wp-json\/wp\/v2\/media\/3946"}],"wp:attachment":[{"href":"https:\/\/otomatec.com\/fr\/wp-json\/wp\/v2\/media?parent=4736"}],"wp:term":[{"taxonomy":"product_brand","embeddable":true,"href":"https:\/\/otomatec.com\/fr\/wp-json\/wp\/v2\/product_brand?post=4736"},{"taxonomy":"product_cat","embeddable":true,"href":"https:\/\/otomatec.com\/fr\/wp-json\/wp\/v2\/product_cat?post=4736"},{"taxonomy":"product_tag","embeddable":true,"href":"https:\/\/otomatec.com\/fr\/wp-json\/wp\/v2\/product_tag?post=4736"}],"curies":[{"name":"wp","href":"https:\/\/api.w.org\/{rel}","templated":true}]}}