{"id":4734,"date":"2024-08-23T14:04:46","date_gmt":"2024-08-23T14:04:46","guid":{"rendered":"https:\/\/otomatec.com\/product\/dsg-7-dq200-mechatronic-accumulator-torx\/"},"modified":"2025-01-01T00:46:55","modified_gmt":"2025-01-01T00:46:55","slug":"dsg-7-dq200-mechatronic-accumulator-torx","status":"publish","type":"product","link":"https:\/\/otomatec.com\/es\/producto\/dsg-7-dq200-mechatronic-accumulator-torx\/","title":{"rendered":"Acumulador mecatr\u00f3nico DSG 7 \/ DQ200 (Torx)"},"content":{"rendered":"<p>Otomatec es el principal fabricante y vendedor de acumuladores DSG reforzados del mundo. Con el producto que hemos desarrollado, podr\u00e1 deshacerse de las dificultades de cambio de marchas causadas por el aflojamiento de los tubos debido al tubo de presi\u00f3n DSG original, el aplastamiento de la junta t\u00f3rica y las grietas en la placa. El kit de reparaci\u00f3n DSG 7 DQ200 consta de un acumulador hidr\u00e1ulico fabricado en acero de primera calidad. Con nuestro producto, que est\u00e1 dise\u00f1ado para una f\u00e1cil instalaci\u00f3n, puede solucionar sus problemas en menos de una hora.<\/p>\n<h2>C\u00f3digos de falla resueltos<\/h2>\n<p>P189C \/ 006300 \u2013 Restricci\u00f3n de funci\u00f3n debido a una acumulaci\u00f3n de presi\u00f3n insuficiente<br \/>\nP17BF \/ 06079 \u2013 Se alcanz\u00f3 el l\u00edmite m\u00e1ximo de protecci\u00f3n de la bomba<br \/>\nP1895 \u2013 Restricci\u00f3n debido a una ca\u00edda de presi\u00f3n<\/p>\n<h2>Marcas compatibles<\/h2>\n<p>Volkswagen, Audi, Seat, Skoda<\/p>\n<h2>Transmisiones compatibles<\/h2>\n<p>Compatible con todas las transmisiones DSG7 \/ DQ200<br \/>\n0AM 325 025 M Z1L<br \/>\n0AM 325 025 M Z2B<br \/>\n0AM 325 025 M Z2N<br \/>\n0AM 325 025K Z6D<br \/>\n0AM 325 025K Z6C<br \/>\n0AM 325 025K Z6T<\/p>\n<p>0AM 927 769 D<br \/>\n0AM 927 769 K<br \/>\n0AM 927 769 G<br \/>\n0AM 325 025 D<br \/>\n0AM 325 025 H<br \/>\n0AM 325 065 N<br \/>\n0AM 325 025 J<br \/>\n0AM 325 065 L<br \/>\n0AM 325 065 S<\/p>\n<h2>Modelos compatibles<\/h2>\n<p>Audi A1 2008-2011 1.4l 1.6l 7 velocidades<br \/>\nAudi A1 (8X) con caja de cambios de doble embrague de 7 velocidades A\u00f1os del modelo 2011-2016<br \/>\nAudi A3 (8P, 8V) con caja de cambios de doble embrague de 7 velocidades A\u00f1os del modelo 2008-2016<br \/>\nAudi Q3 2011 1.4l 1.6l 1.8l 7 velocidades<br \/>\nAudi TT (8J) con caja de cambios de doble embrague de 7 velocidades A\u00f1os del modelo 2012-2016<br \/>\nSEAT Altea \/ XL 2009-2011 1.6l 1.8l 7 velocidades<br \/>\nSEAT Ibiza 2009-2011 1.2l 1.4l 1.6l 7 velocidades<br \/>\nSEAT Leon 2007-2011 1.8l 7 velocidades<br \/>\nSkoda Fabia 2010- 2011 2013-2015 7 velocidades<br \/>\nSkoda Modela 2011 1.4l 1.6l 7 velocidades<br \/>\nSkoda Octavia A\u00f1os del modelo 2009-2015 7 velocidades<br \/>\nSkoda Superb A\u00f1os del modelo 2008-2015 7 velocidades<br \/>\nSkoda Rapid A\u00f1os del modelo 2014-2015 7 velocidades<br \/>\nSkoda Roomster A\u00f1os del modelo 2013-2014 7 velocidades<br \/>\nSkoda Yeti A\u00f1os del modelo 2013-2015 7 velocidades<br \/>\nVolkswagen Beetle \/ convertible A\u00f1os del modelo 2011-2015 7 velocidades<br \/>\nVolkswagen Bora 2010-2011 1.4l 1.6l 7 velocidades<br \/>\nVolkswagen Caddy A\u00f1os del modelo 2010-2015 7 velocidades<br \/>\nVolkswagen Golf \/ Golf Plus A\u00f1os del modelo 2007-2015 7 velocidades<br \/>\nVolkswagen Jetta \/ Jetta Wagon A\u00f1os del modelo 2008-2015 7 velocidades<br \/>\nVolkswagen Lavida 2010-2011 1.4l 1.6l 7 velocidades<br \/>\nVolkswagen Passat A\u00f1os del modelo 2008-2015 7 velocidades<br \/>\nVolkswagen Polo A\u00f1os del modelo 2007-2015 7 velocidades<br \/>\nVolkswagen Sagitar 2009-2011 1.4l 7 velocidades<br \/>\nVolkswagen Scirocco 2008-2011 1.4l 7 velocidad<br \/>\nVolkswagen Sharan 2010-2011 1.4l 7 velocidades<br \/>\nVolkswagen Tiguan 2011 1.8l 7 velocidades<br \/>\nVolkswagen Touran 2010-2011 1.4l 1.6l 1.8l 7 velocidades<\/p>\n","protected":false},"excerpt":{"rendered":"<p>El kit de reparaci\u00f3n DSG de Otomatec resuelve los c\u00f3digos de falla P17BF, P189C y P1895 en una transmisi\u00f3n DSG. Este kit incluye componentes de reemplazo para la unidad mecatr\u00f3nica, lo que ayuda a abordar problemas comunes de transmisi\u00f3n, como cambios err\u00e1ticos y p\u00e9rdida de potencia. Al usar este kit, los conductores pueden restaurar el rendimiento de su transmisi\u00f3n DSG y mejorar su experiencia de conducci\u00f3n.<\/p>\n<p>Nuestro producto tiene una garant\u00eda de 2 a\u00f1os y soporte posventa de 5 a\u00f1os.<\/p>\n<p>Compatible con todas las transmisiones DSG 7\/DQ200.<\/p>\n","protected":false},"featured_media":4133,"template":"","meta":{"site-sidebar-layout":"default","site-content-layout":"default","ast-site-content-layout":"default","site-content-style":"default","site-sidebar-style":"default","ast-global-header-display":"","ast-banner-title-visibility":"","ast-main-header-display":"","ast-hfb-above-header-display":"","ast-hfb-below-header-display":"","ast-hfb-mobile-header-display":"","site-post-title":"","ast-breadcrumbs-content":"","ast-featured-img":"","footer-sml-layout":"","theme-transparent-header-meta":"default","adv-header-id-meta":"","stick-header-meta":"","header-above-stick-meta":"","header-main-stick-meta":"","header-below-stick-meta":"","astra-migrate-meta-layouts":"set","ast-page-background-enabled":"default","ast-page-background-meta":{"desktop":{"background-color":"var(--ast-global-color-4)","background-image":"","background-repeat":"repeat","background-position":"center center","background-size":"auto","background-attachment":"scroll","background-type":"","background-media":"","overlay-type":"","overlay-color":"","overlay-opacity":"","overlay-gradient":""},"tablet":{"background-color":"","background-image":"","background-repeat":"repeat","background-position":"center center","background-size":"auto","background-attachment":"scroll","background-type":"","background-media":"","overlay-type":"","overlay-color":"","overlay-opacity":"","overlay-gradient":""},"mobile":{"background-color":"","background-image":"","background-repeat":"repeat","background-position":"center center","background-size":"auto","background-attachment":"scroll","background-type":"","background-media":"","overlay-type":"","overlay-color":"","overlay-opacity":"","overlay-gradient":""}},"ast-content-background-meta":{"desktop":{"background-color":"var(--ast-global-color-5)","background-image":"","background-repeat":"repeat","background-position":"center center","background-size":"auto","background-attachment":"scroll","background-type":"","background-media":"","overlay-type":"","overlay-color":"","overlay-opacity":"","overlay-gradient":""},"tablet":{"background-color":"var(--ast-global-color-5)","background-image":"","background-repeat":"repeat","background-position":"center center","background-size":"auto","background-attachment":"scroll","background-type":"","background-media":"","overlay-type":"","overlay-color":"","overlay-opacity":"","overlay-gradient":""},"mobile":{"background-color":"var(--ast-global-color-5)","background-image":"","background-repeat":"repeat","background-position":"center center","background-size":"auto","background-attachment":"scroll","background-type":"","background-media":"","overlay-type":"","overlay-color":"","overlay-opacity":"","overlay-gradient":""}}},"product_brand":[],"product_cat":[81],"product_tag":[],"class_list":{"0":"post-4734","1":"product","2":"type-product","3":"status-publish","4":"has-post-thumbnail","6":"product_cat-gearbox-es","7":"desktop-align-left","8":"tablet-align-left","9":"mobile-align-left","10":"ast-product-gallery-layout-vertical-slider","11":"ast-magnify-disabled","12":"ast-product-tabs-layout-vertical","14":"first","15":"instock","16":"shipping-taxable","17":"product-type-simple"},"yoast_head":"<!-- This site is optimized with the Yoast SEO plugin v25.2 - https:\/\/yoast.com\/wordpress\/plugins\/seo\/ -->\n<title>Acumulador mecatr\u00f3nico DSG 7 \/ DQ200 (Torx) - Otomatec<\/title>\n<meta name=\"robots\" content=\"index, follow, max-snippet:-1, max-image-preview:large, max-video-preview:-1\" \/>\n<link rel=\"canonical\" href=\"https:\/\/otomatec.com\/es\/producto\/dsg-7-dq200-mechatronic-accumulator-torx\/\" \/>\n<meta property=\"og:locale\" content=\"es_ES\" \/>\n<meta property=\"og:type\" content=\"article\" \/>\n<meta property=\"og:title\" content=\"Acumulador mecatr\u00f3nico DSG 7 \/ DQ200 (Torx) - Otomatec\" \/>\n<meta property=\"og:description\" content=\"El kit de reparaci\u00f3n DSG de Otomatec resuelve los c\u00f3digos de falla P17BF, P189C y P1895 en una transmisi\u00f3n DSG. Este kit incluye componentes de reemplazo para la unidad mecatr\u00f3nica, lo que ayuda a abordar problemas comunes de transmisi\u00f3n, como cambios err\u00e1ticos y p\u00e9rdida de potencia. Al usar este kit, los conductores pueden restaurar el rendimiento de su transmisi\u00f3n DSG y mejorar su experiencia de conducci\u00f3n.  Nuestro producto tiene una garant\u00eda de 2 a\u00f1os y soporte posventa de 5 a\u00f1os.  Compatible con todas las transmisiones DSG 7\/DQ200.\" \/>\n<meta property=\"og:url\" content=\"https:\/\/otomatec.com\/es\/producto\/dsg-7-dq200-mechatronic-accumulator-torx\/\" \/>\n<meta property=\"og:site_name\" content=\"Otomatec\" \/>\n<meta property=\"article:modified_time\" content=\"2025-01-01T00:46:55+00:00\" \/>\n<meta property=\"og:image\" content=\"https:\/\/otomatec.com\/wp-content\/uploads\/2024\/09\/5.png\" \/>\n\t<meta property=\"og:image:width\" content=\"500\" \/>\n\t<meta property=\"og:image:height\" content=\"500\" \/>\n\t<meta property=\"og:image:type\" content=\"image\/png\" \/>\n<meta name=\"twitter:card\" content=\"summary_large_image\" \/>\n<meta name=\"twitter:label1\" content=\"Tiempo de lectura\" \/>\n\t<meta name=\"twitter:data1\" content=\"3 minutos\" \/>\n<script type=\"application\/ld+json\" class=\"yoast-schema-graph\">{\"@context\":\"https:\/\/schema.org\",\"@graph\":[{\"@type\":\"WebPage\",\"@id\":\"https:\/\/otomatec.com\/es\/producto\/dsg-7-dq200-mechatronic-accumulator-torx\/\",\"url\":\"https:\/\/otomatec.com\/es\/producto\/dsg-7-dq200-mechatronic-accumulator-torx\/\",\"name\":\"Acumulador mecatr\u00f3nico DSG 7 \/ DQ200 (Torx) - Otomatec\",\"isPartOf\":{\"@id\":\"https:\/\/otomatec.com\/es\/#website\"},\"primaryImageOfPage\":{\"@id\":\"https:\/\/otomatec.com\/es\/producto\/dsg-7-dq200-mechatronic-accumulator-torx\/#primaryimage\"},\"image\":{\"@id\":\"https:\/\/otomatec.com\/es\/producto\/dsg-7-dq200-mechatronic-accumulator-torx\/#primaryimage\"},\"thumbnailUrl\":\"https:\/\/otomatec.com\/wp-content\/uploads\/2024\/09\/5.png\",\"datePublished\":\"2024-08-23T14:04:46+00:00\",\"dateModified\":\"2025-01-01T00:46:55+00:00\",\"breadcrumb\":{\"@id\":\"https:\/\/otomatec.com\/es\/producto\/dsg-7-dq200-mechatronic-accumulator-torx\/#breadcrumb\"},\"inLanguage\":\"es\",\"potentialAction\":[{\"@type\":\"ReadAction\",\"target\":[\"https:\/\/otomatec.com\/es\/producto\/dsg-7-dq200-mechatronic-accumulator-torx\/\"]}]},{\"@type\":\"ImageObject\",\"inLanguage\":\"es\",\"@id\":\"https:\/\/otomatec.com\/es\/producto\/dsg-7-dq200-mechatronic-accumulator-torx\/#primaryimage\",\"url\":\"https:\/\/otomatec.com\/wp-content\/uploads\/2024\/09\/5.png\",\"contentUrl\":\"https:\/\/otomatec.com\/wp-content\/uploads\/2024\/09\/5.png\",\"width\":500,\"height\":500},{\"@type\":\"BreadcrumbList\",\"@id\":\"https:\/\/otomatec.com\/es\/producto\/dsg-7-dq200-mechatronic-accumulator-torx\/#breadcrumb\",\"itemListElement\":[{\"@type\":\"ListItem\",\"position\":1,\"name\":\"Home\",\"item\":\"https:\/\/otomatec.com\/es\/home2\/\"},{\"@type\":\"ListItem\",\"position\":2,\"name\":\"Tienda\",\"item\":\"https:\/\/otomatec.com\/es\/tienda\/\"},{\"@type\":\"ListItem\",\"position\":3,\"name\":\"Acumulador mecatr\u00f3nico DSG 7 \/ DQ200 (Torx)\"}]},{\"@type\":\"WebSite\",\"@id\":\"https:\/\/otomatec.com\/es\/#website\",\"url\":\"https:\/\/otomatec.com\/es\/\",\"name\":\"Otomatec\",\"description\":\"DSG Repair Kit\",\"publisher\":{\"@id\":\"https:\/\/otomatec.com\/es\/#organization\"},\"potentialAction\":[{\"@type\":\"SearchAction\",\"target\":{\"@type\":\"EntryPoint\",\"urlTemplate\":\"https:\/\/otomatec.com\/es\/?s={search_term_string}\"},\"query-input\":{\"@type\":\"PropertyValueSpecification\",\"valueRequired\":true,\"valueName\":\"search_term_string\"}}],\"inLanguage\":\"es\"},{\"@type\":\"Organization\",\"@id\":\"https:\/\/otomatec.com\/es\/#organization\",\"name\":\"Otomatec Autmotive Ltd.\",\"url\":\"https:\/\/otomatec.com\/es\/\",\"logo\":{\"@type\":\"ImageObject\",\"inLanguage\":\"es\",\"@id\":\"https:\/\/otomatec.com\/es\/#\/schema\/logo\/image\/\",\"url\":\"https:\/\/otomatec.com\/wp-content\/uploads\/2022\/12\/Otomatec-4-1.png\",\"contentUrl\":\"https:\/\/otomatec.com\/wp-content\/uploads\/2022\/12\/Otomatec-4-1.png\",\"width\":475,\"height\":82,\"caption\":\"Otomatec Autmotive Ltd.\"},\"image\":{\"@id\":\"https:\/\/otomatec.com\/es\/#\/schema\/logo\/image\/\"}}]}<\/script>\n<!-- \/ Yoast SEO plugin. -->","yoast_head_json":{"title":"Acumulador mecatr\u00f3nico DSG 7 \/ DQ200 (Torx) - Otomatec","robots":{"index":"index","follow":"follow","max-snippet":"max-snippet:-1","max-image-preview":"max-image-preview:large","max-video-preview":"max-video-preview:-1"},"canonical":"https:\/\/otomatec.com\/es\/producto\/dsg-7-dq200-mechatronic-accumulator-torx\/","og_locale":"es_ES","og_type":"article","og_title":"Acumulador mecatr\u00f3nico DSG 7 \/ DQ200 (Torx) - Otomatec","og_description":"El kit de reparaci\u00f3n DSG de Otomatec resuelve los c\u00f3digos de falla P17BF, P189C y P1895 en una transmisi\u00f3n DSG. Este kit incluye componentes de reemplazo para la unidad mecatr\u00f3nica, lo que ayuda a abordar problemas comunes de transmisi\u00f3n, como cambios err\u00e1ticos y p\u00e9rdida de potencia. Al usar este kit, los conductores pueden restaurar el rendimiento de su transmisi\u00f3n DSG y mejorar su experiencia de conducci\u00f3n.  Nuestro producto tiene una garant\u00eda de 2 a\u00f1os y soporte posventa de 5 a\u00f1os.  Compatible con todas las transmisiones DSG 7\/DQ200.","og_url":"https:\/\/otomatec.com\/es\/producto\/dsg-7-dq200-mechatronic-accumulator-torx\/","og_site_name":"Otomatec","article_modified_time":"2025-01-01T00:46:55+00:00","og_image":[{"width":500,"height":500,"url":"https:\/\/otomatec.com\/wp-content\/uploads\/2024\/09\/5.png","type":"image\/png"}],"twitter_card":"summary_large_image","twitter_misc":{"Tiempo de lectura":"3 minutos"},"schema":{"@context":"https:\/\/schema.org","@graph":[{"@type":"WebPage","@id":"https:\/\/otomatec.com\/es\/producto\/dsg-7-dq200-mechatronic-accumulator-torx\/","url":"https:\/\/otomatec.com\/es\/producto\/dsg-7-dq200-mechatronic-accumulator-torx\/","name":"Acumulador mecatr\u00f3nico DSG 7 \/ DQ200 (Torx) - Otomatec","isPartOf":{"@id":"https:\/\/otomatec.com\/es\/#website"},"primaryImageOfPage":{"@id":"https:\/\/otomatec.com\/es\/producto\/dsg-7-dq200-mechatronic-accumulator-torx\/#primaryimage"},"image":{"@id":"https:\/\/otomatec.com\/es\/producto\/dsg-7-dq200-mechatronic-accumulator-torx\/#primaryimage"},"thumbnailUrl":"https:\/\/otomatec.com\/wp-content\/uploads\/2024\/09\/5.png","datePublished":"2024-08-23T14:04:46+00:00","dateModified":"2025-01-01T00:46:55+00:00","breadcrumb":{"@id":"https:\/\/otomatec.com\/es\/producto\/dsg-7-dq200-mechatronic-accumulator-torx\/#breadcrumb"},"inLanguage":"es","potentialAction":[{"@type":"ReadAction","target":["https:\/\/otomatec.com\/es\/producto\/dsg-7-dq200-mechatronic-accumulator-torx\/"]}]},{"@type":"ImageObject","inLanguage":"es","@id":"https:\/\/otomatec.com\/es\/producto\/dsg-7-dq200-mechatronic-accumulator-torx\/#primaryimage","url":"https:\/\/otomatec.com\/wp-content\/uploads\/2024\/09\/5.png","contentUrl":"https:\/\/otomatec.com\/wp-content\/uploads\/2024\/09\/5.png","width":500,"height":500},{"@type":"BreadcrumbList","@id":"https:\/\/otomatec.com\/es\/producto\/dsg-7-dq200-mechatronic-accumulator-torx\/#breadcrumb","itemListElement":[{"@type":"ListItem","position":1,"name":"Home","item":"https:\/\/otomatec.com\/es\/home2\/"},{"@type":"ListItem","position":2,"name":"Tienda","item":"https:\/\/otomatec.com\/es\/tienda\/"},{"@type":"ListItem","position":3,"name":"Acumulador mecatr\u00f3nico DSG 7 \/ DQ200 (Torx)"}]},{"@type":"WebSite","@id":"https:\/\/otomatec.com\/es\/#website","url":"https:\/\/otomatec.com\/es\/","name":"Otomatec","description":"DSG Repair Kit","publisher":{"@id":"https:\/\/otomatec.com\/es\/#organization"},"potentialAction":[{"@type":"SearchAction","target":{"@type":"EntryPoint","urlTemplate":"https:\/\/otomatec.com\/es\/?s={search_term_string}"},"query-input":{"@type":"PropertyValueSpecification","valueRequired":true,"valueName":"search_term_string"}}],"inLanguage":"es"},{"@type":"Organization","@id":"https:\/\/otomatec.com\/es\/#organization","name":"Otomatec Autmotive Ltd.","url":"https:\/\/otomatec.com\/es\/","logo":{"@type":"ImageObject","inLanguage":"es","@id":"https:\/\/otomatec.com\/es\/#\/schema\/logo\/image\/","url":"https:\/\/otomatec.com\/wp-content\/uploads\/2022\/12\/Otomatec-4-1.png","contentUrl":"https:\/\/otomatec.com\/wp-content\/uploads\/2022\/12\/Otomatec-4-1.png","width":475,"height":82,"caption":"Otomatec Autmotive Ltd."},"image":{"@id":"https:\/\/otomatec.com\/es\/#\/schema\/logo\/image\/"}}]}},"_links":{"self":[{"href":"https:\/\/otomatec.com\/es\/wp-json\/wp\/v2\/product\/4734","targetHints":{"allow":["GET"]}}],"collection":[{"href":"https:\/\/otomatec.com\/es\/wp-json\/wp\/v2\/product"}],"about":[{"href":"https:\/\/otomatec.com\/es\/wp-json\/wp\/v2\/types\/product"}],"wp:featuredmedia":[{"embeddable":true,"href":"https:\/\/otomatec.com\/es\/wp-json\/wp\/v2\/media\/4133"}],"wp:attachment":[{"href":"https:\/\/otomatec.com\/es\/wp-json\/wp\/v2\/media?parent=4734"}],"wp:term":[{"taxonomy":"product_brand","embeddable":true,"href":"https:\/\/otomatec.com\/es\/wp-json\/wp\/v2\/product_brand?post=4734"},{"taxonomy":"product_cat","embeddable":true,"href":"https:\/\/otomatec.com\/es\/wp-json\/wp\/v2\/product_cat?post=4734"},{"taxonomy":"product_tag","embeddable":true,"href":"https:\/\/otomatec.com\/es\/wp-json\/wp\/v2\/product_tag?post=4734"}],"curies":[{"name":"wp","href":"https:\/\/api.w.org\/{rel}","templated":true}]}}