{"id":4743,"date":"2023-03-20T20:58:10","date_gmt":"2023-03-20T20:58:10","guid":{"rendered":"https:\/\/otomatec.com\/product\/dsg-7-dq200-gasket-set\/"},"modified":"2025-01-01T09:46:16","modified_gmt":"2025-01-01T09:46:16","slug":"dsg-7-dq200-gasket-set","status":"publish","type":"product","link":"https:\/\/otomatec.com\/de\/produkt\/dsg-7-dq200-gasket-set\/","title":{"rendered":"DSG 7 \/ DQ200 Dichtungssatz"},"content":{"rendered":"<div class=\"group w-full text-gray-800 dark:text-gray-100 border-b border-black\/10 dark:border-gray-900\/50 bg-gray-50 dark:bg-[#444654]\">\n<div class=\"text-base gap-4 md:gap-6 md:max-w-2xl lg:max-w-xl xl:max-w-3xl p-4 md:py-6 flex lg:px-0 m-auto\">\n<div class=\"relative flex w-[calc(100%-50px)] flex-col gap-1 md:gap-3 lg:w-[calc(100%-115px)]\">\n<div class=\"flex flex-grow flex-col gap-3\">\n<div class=\"min-h-[20px] flex flex-col items-start gap-4 whitespace-pre-wrap\">\n<div class=\"markdown prose w-full break-words dark:prose-invert light\">\n<h2>Kompatible Marken<\/h2>\n<p>Volkswagen, Audi, Seat, Skoda<\/p>\n<h2>Kompatible Getriebe<\/h2>\n<p>Kompatibel mit allen DSG7 \/ DQ200 Getrieben<br \/>\n0AM 325 025 M Z1L<br \/>\n0AM 325 025 M Z2B<br \/>\n0AM 325 025 M Z2N<br \/>\n0AM 325 025K Z6D<br \/>\n0AM 325 025K Z6C<br \/>\n0AM 325 025K Z6T<\/p>\n<p>0AM 927 769 D<br \/>\n0AM 927 769 K<br \/>\n0AM 927 769 G<br \/>\n0AM 325 025 D<br \/>\n0AM 325 025 H<br \/>\n0AM 325 065 N<br \/>\n0AM 325 025 J<br \/>\n0AM 325 065 L<br \/>\n0AM 325 065 S<\/p>\n<h2>Kompatible Modelle<\/h2>\n<p>Audi A1 2008-2011 1,4 l 1,6 l 7-Gang<br \/>\nAudi A1 (8X) mit 7-Gang-Doppelkupplungsgetriebe Modelljahre 2011-2016<br \/>\nAudi A3 (8P, 8V) mit 7-Gang-Doppelkupplungsgetriebe Modelljahre 2008-2016<br \/>\nAudi Q3 2011 1,4 l 1,6 l 1,8 l 7-Gang<br \/>\nAudi TT (8J) mit 7-Gang-Doppelkupplungsgetriebe Modelljahre 2012-2016<br \/>\nSEAT Altea \/ XL 2009-2011 1,6 l 1,8 l 7-Gang<br \/>\nSEAT Ibiza 2009-2011 1,2 l 1,4 l 1,6 l 7-Gang<br \/>\nSEAT Leon 2007-2011 1,8 l 7-Gang<br \/>\nSkoda Fabia 2010-2011 2013-2015 7-Gang<br \/>\nSkoda Modela 2011 1,4 l 1,6 l 7-Gang<br \/>\nSkoda Octavia Modelljahre 2009-2015 7-Gang<br \/>\nSkoda Superb Modelljahre 2008-2015 7-Gang<br \/>\nSkoda Rapid Modelljahre 2014-2015 7-Gang<br \/>\nSkoda Roomster Modelljahre 2013-2014 7-Gang<br \/>\nSkoda Yeti Modelljahre 2013-2015 7-Gang<br \/>\nVolkswagen Beetle \/ Cabrio Modelljahre 2011-2015 7-Gang<br \/>\nVolkswagen Bora 2010-2011 1,4 l 1,6 l 7-Gang<br \/>\nVolkswagen Caddy Modelljahre 2010-2015 7-Gang<br \/>\nVolkswagen Golf \/ Golf Plus Modelljahre 2007-2015 7-Gang<br \/>\nVolkswagen Jetta \/ Jetta Wagon Modelljahre 2008-2015 7-Gang<br \/>\nVolkswagen Lavida 2010-2011 1,4 l 1,6 l 7-Gang<br \/>\nVolkswagen Passat Modelljahre 2008-2015 7-Gang<br \/>\nVolkswagen Polo Modelljahre 2007-2015 7-Gang<br \/>\nVolkswagen Sagitar 2009-2011 1,4 l 7-Gang<br \/>\nVolkswagen Scirocco 2008-2011 1,4 l 7-Gang<br \/>\nVolkswagen Sharan 2010-2011 1,4 l 7-Gang<br \/>\nVolkswagen Tiguan 2011 1,8 l 7-Gang<br \/>\nVolkswagen Touran 2010-2011 1,4 l 1,6 l 1,8 l 7-Gang<\/p>\n<\/div>\n<\/div>\n<\/div>\n<\/div>\n<\/div>\n<\/div>\n","protected":false},"excerpt":{"rendered":"<p>Die Der Dichtungssatz DSG 7\/DQ200 bietet eine vollst\u00e4ndige Dichtungsl\u00f6sung f\u00fcr verschiedene Getriebekomponenten. Diese Dichtungen verhindern Fl\u00fcssigkeitslecks und halten den richtigen Druck im System aufrecht. Ein hochwertiger Dichtungssatz ist entscheidend, um Fl\u00fcssigkeitsverlust zu vermeiden und sicherzustellen, dass das Getriebe reibungslos und effizient funktioniert. Der Austausch verschlissener Dichtungen w\u00e4hrend der Wartung kann auf lange Sicht kostspielige Reparaturen verhindern.<\/p>\n","protected":false},"featured_media":3891,"template":"","meta":{"site-sidebar-layout":"default","site-content-layout":"default","ast-site-content-layout":"default","site-content-style":"default","site-sidebar-style":"default","ast-global-header-display":"","ast-banner-title-visibility":"","ast-main-header-display":"","ast-hfb-above-header-display":"","ast-hfb-below-header-display":"","ast-hfb-mobile-header-display":"","site-post-title":"","ast-breadcrumbs-content":"","ast-featured-img":"","footer-sml-layout":"","theme-transparent-header-meta":"default","adv-header-id-meta":"","stick-header-meta":"","header-above-stick-meta":"","header-main-stick-meta":"","header-below-stick-meta":"","astra-migrate-meta-layouts":"set","ast-page-background-enabled":"default","ast-page-background-meta":{"desktop":{"background-color":"var(--ast-global-color-4)","background-image":"","background-repeat":"repeat","background-position":"center center","background-size":"auto","background-attachment":"scroll","background-type":"","background-media":"","overlay-type":"","overlay-color":"","overlay-opacity":"","overlay-gradient":""},"tablet":{"background-color":"","background-image":"","background-repeat":"repeat","background-position":"center center","background-size":"auto","background-attachment":"scroll","background-type":"","background-media":"","overlay-type":"","overlay-color":"","overlay-opacity":"","overlay-gradient":""},"mobile":{"background-color":"","background-image":"","background-repeat":"repeat","background-position":"center center","background-size":"auto","background-attachment":"scroll","background-type":"","background-media":"","overlay-type":"","overlay-color":"","overlay-opacity":"","overlay-gradient":""}},"ast-content-background-meta":{"desktop":{"background-color":"var(--ast-global-color-5)","background-image":"","background-repeat":"repeat","background-position":"center center","background-size":"auto","background-attachment":"scroll","background-type":"","background-media":"","overlay-type":"","overlay-color":"","overlay-opacity":"","overlay-gradient":""},"tablet":{"background-color":"var(--ast-global-color-5)","background-image":"","background-repeat":"repeat","background-position":"center center","background-size":"auto","background-attachment":"scroll","background-type":"","background-media":"","overlay-type":"","overlay-color":"","overlay-opacity":"","overlay-gradient":""},"mobile":{"background-color":"var(--ast-global-color-5)","background-image":"","background-repeat":"repeat","background-position":"center center","background-size":"auto","background-attachment":"scroll","background-type":"","background-media":"","overlay-type":"","overlay-color":"","overlay-opacity":"","overlay-gradient":""}}},"product_brand":[],"product_cat":[78],"product_tag":[],"class_list":{"0":"post-4743","1":"product","2":"type-product","3":"status-publish","4":"has-post-thumbnail","6":"product_cat-gearbox-de","7":"desktop-align-left","8":"tablet-align-left","9":"mobile-align-left","10":"ast-product-gallery-layout-vertical-slider","11":"ast-magnify-disabled","12":"ast-product-tabs-layout-vertical","14":"first","15":"instock","16":"shipping-taxable","17":"product-type-simple"},"yoast_head":"<!-- This site is optimized with the Yoast SEO plugin v25.2 - https:\/\/yoast.com\/wordpress\/plugins\/seo\/ -->\n<title>DSG 7 \/ DQ200 Dichtungssatz - Otomatec<\/title>\n<meta name=\"robots\" content=\"index, follow, max-snippet:-1, max-image-preview:large, max-video-preview:-1\" \/>\n<link rel=\"canonical\" href=\"https:\/\/otomatec.com\/de\/produkt\/dsg-7-dq200-gasket-set\/\" \/>\n<meta property=\"og:locale\" content=\"de_DE\" \/>\n<meta property=\"og:type\" content=\"article\" \/>\n<meta property=\"og:title\" content=\"DSG 7 \/ DQ200 Dichtungssatz - Otomatec\" \/>\n<meta property=\"og:description\" content=\"Die Der Dichtungssatz DSG 7\/DQ200 bietet eine vollst\u00e4ndige Dichtungsl\u00f6sung f\u00fcr verschiedene Getriebekomponenten. Diese Dichtungen verhindern Fl\u00fcssigkeitslecks und halten den richtigen Druck im System aufrecht. Ein hochwertiger Dichtungssatz ist entscheidend, um Fl\u00fcssigkeitsverlust zu vermeiden und sicherzustellen, dass das Getriebe reibungslos und effizient funktioniert. Der Austausch verschlissener Dichtungen w\u00e4hrend der Wartung kann auf lange Sicht kostspielige Reparaturen verhindern.\" \/>\n<meta property=\"og:url\" content=\"https:\/\/otomatec.com\/de\/produkt\/dsg-7-dq200-gasket-set\/\" \/>\n<meta property=\"og:site_name\" content=\"Otomatec\" \/>\n<meta property=\"article:modified_time\" content=\"2025-01-01T09:46:16+00:00\" \/>\n<meta property=\"og:image\" content=\"https:\/\/otomatec.com\/wp-content\/uploads\/2024\/08\/3.png\" \/>\n\t<meta property=\"og:image:width\" content=\"500\" \/>\n\t<meta property=\"og:image:height\" content=\"500\" \/>\n\t<meta property=\"og:image:type\" content=\"image\/png\" \/>\n<meta name=\"twitter:card\" content=\"summary_large_image\" \/>\n<meta name=\"twitter:label1\" content=\"Gesch\u00e4tzte Lesezeit\" \/>\n\t<meta name=\"twitter:data1\" content=\"2\u00a0Minuten\" \/>\n<script type=\"application\/ld+json\" class=\"yoast-schema-graph\">{\"@context\":\"https:\/\/schema.org\",\"@graph\":[{\"@type\":\"WebPage\",\"@id\":\"https:\/\/otomatec.com\/de\/produkt\/dsg-7-dq200-gasket-set\/\",\"url\":\"https:\/\/otomatec.com\/de\/produkt\/dsg-7-dq200-gasket-set\/\",\"name\":\"DSG 7 \/ DQ200 Dichtungssatz - Otomatec\",\"isPartOf\":{\"@id\":\"https:\/\/otomatec.com\/de\/#website\"},\"primaryImageOfPage\":{\"@id\":\"https:\/\/otomatec.com\/de\/produkt\/dsg-7-dq200-gasket-set\/#primaryimage\"},\"image\":{\"@id\":\"https:\/\/otomatec.com\/de\/produkt\/dsg-7-dq200-gasket-set\/#primaryimage\"},\"thumbnailUrl\":\"https:\/\/otomatec.com\/wp-content\/uploads\/2024\/08\/3.png\",\"datePublished\":\"2023-03-20T20:58:10+00:00\",\"dateModified\":\"2025-01-01T09:46:16+00:00\",\"breadcrumb\":{\"@id\":\"https:\/\/otomatec.com\/de\/produkt\/dsg-7-dq200-gasket-set\/#breadcrumb\"},\"inLanguage\":\"de\",\"potentialAction\":[{\"@type\":\"ReadAction\",\"target\":[\"https:\/\/otomatec.com\/de\/produkt\/dsg-7-dq200-gasket-set\/\"]}]},{\"@type\":\"ImageObject\",\"inLanguage\":\"de\",\"@id\":\"https:\/\/otomatec.com\/de\/produkt\/dsg-7-dq200-gasket-set\/#primaryimage\",\"url\":\"https:\/\/otomatec.com\/wp-content\/uploads\/2024\/08\/3.png\",\"contentUrl\":\"https:\/\/otomatec.com\/wp-content\/uploads\/2024\/08\/3.png\",\"width\":500,\"height\":500},{\"@type\":\"BreadcrumbList\",\"@id\":\"https:\/\/otomatec.com\/de\/produkt\/dsg-7-dq200-gasket-set\/#breadcrumb\",\"itemListElement\":[{\"@type\":\"ListItem\",\"position\":1,\"name\":\"Home\",\"item\":\"https:\/\/otomatec.com\/de\/home2\/\"},{\"@type\":\"ListItem\",\"position\":2,\"name\":\"Shop\",\"item\":\"https:\/\/otomatec.com\/de\/shop\/\"},{\"@type\":\"ListItem\",\"position\":3,\"name\":\"DSG 7 \/ DQ200 Dichtungssatz\"}]},{\"@type\":\"WebSite\",\"@id\":\"https:\/\/otomatec.com\/de\/#website\",\"url\":\"https:\/\/otomatec.com\/de\/\",\"name\":\"Otomatec\",\"description\":\"DSG Repair Kit\",\"publisher\":{\"@id\":\"https:\/\/otomatec.com\/de\/#organization\"},\"potentialAction\":[{\"@type\":\"SearchAction\",\"target\":{\"@type\":\"EntryPoint\",\"urlTemplate\":\"https:\/\/otomatec.com\/de\/?s={search_term_string}\"},\"query-input\":{\"@type\":\"PropertyValueSpecification\",\"valueRequired\":true,\"valueName\":\"search_term_string\"}}],\"inLanguage\":\"de\"},{\"@type\":\"Organization\",\"@id\":\"https:\/\/otomatec.com\/de\/#organization\",\"name\":\"Otomatec Autmotive Ltd.\",\"url\":\"https:\/\/otomatec.com\/de\/\",\"logo\":{\"@type\":\"ImageObject\",\"inLanguage\":\"de\",\"@id\":\"https:\/\/otomatec.com\/de\/#\/schema\/logo\/image\/\",\"url\":\"https:\/\/otomatec.com\/wp-content\/uploads\/2022\/12\/Otomatec-4-1.png\",\"contentUrl\":\"https:\/\/otomatec.com\/wp-content\/uploads\/2022\/12\/Otomatec-4-1.png\",\"width\":475,\"height\":82,\"caption\":\"Otomatec Autmotive Ltd.\"},\"image\":{\"@id\":\"https:\/\/otomatec.com\/de\/#\/schema\/logo\/image\/\"}}]}<\/script>\n<!-- \/ Yoast SEO plugin. -->","yoast_head_json":{"title":"DSG 7 \/ DQ200 Dichtungssatz - Otomatec","robots":{"index":"index","follow":"follow","max-snippet":"max-snippet:-1","max-image-preview":"max-image-preview:large","max-video-preview":"max-video-preview:-1"},"canonical":"https:\/\/otomatec.com\/de\/produkt\/dsg-7-dq200-gasket-set\/","og_locale":"de_DE","og_type":"article","og_title":"DSG 7 \/ DQ200 Dichtungssatz - Otomatec","og_description":"Die Der Dichtungssatz DSG 7\/DQ200 bietet eine vollst\u00e4ndige Dichtungsl\u00f6sung f\u00fcr verschiedene Getriebekomponenten. Diese Dichtungen verhindern Fl\u00fcssigkeitslecks und halten den richtigen Druck im System aufrecht. Ein hochwertiger Dichtungssatz ist entscheidend, um Fl\u00fcssigkeitsverlust zu vermeiden und sicherzustellen, dass das Getriebe reibungslos und effizient funktioniert. Der Austausch verschlissener Dichtungen w\u00e4hrend der Wartung kann auf lange Sicht kostspielige Reparaturen verhindern.","og_url":"https:\/\/otomatec.com\/de\/produkt\/dsg-7-dq200-gasket-set\/","og_site_name":"Otomatec","article_modified_time":"2025-01-01T09:46:16+00:00","og_image":[{"width":500,"height":500,"url":"https:\/\/otomatec.com\/wp-content\/uploads\/2024\/08\/3.png","type":"image\/png"}],"twitter_card":"summary_large_image","twitter_misc":{"Gesch\u00e4tzte Lesezeit":"2\u00a0Minuten"},"schema":{"@context":"https:\/\/schema.org","@graph":[{"@type":"WebPage","@id":"https:\/\/otomatec.com\/de\/produkt\/dsg-7-dq200-gasket-set\/","url":"https:\/\/otomatec.com\/de\/produkt\/dsg-7-dq200-gasket-set\/","name":"DSG 7 \/ DQ200 Dichtungssatz - Otomatec","isPartOf":{"@id":"https:\/\/otomatec.com\/de\/#website"},"primaryImageOfPage":{"@id":"https:\/\/otomatec.com\/de\/produkt\/dsg-7-dq200-gasket-set\/#primaryimage"},"image":{"@id":"https:\/\/otomatec.com\/de\/produkt\/dsg-7-dq200-gasket-set\/#primaryimage"},"thumbnailUrl":"https:\/\/otomatec.com\/wp-content\/uploads\/2024\/08\/3.png","datePublished":"2023-03-20T20:58:10+00:00","dateModified":"2025-01-01T09:46:16+00:00","breadcrumb":{"@id":"https:\/\/otomatec.com\/de\/produkt\/dsg-7-dq200-gasket-set\/#breadcrumb"},"inLanguage":"de","potentialAction":[{"@type":"ReadAction","target":["https:\/\/otomatec.com\/de\/produkt\/dsg-7-dq200-gasket-set\/"]}]},{"@type":"ImageObject","inLanguage":"de","@id":"https:\/\/otomatec.com\/de\/produkt\/dsg-7-dq200-gasket-set\/#primaryimage","url":"https:\/\/otomatec.com\/wp-content\/uploads\/2024\/08\/3.png","contentUrl":"https:\/\/otomatec.com\/wp-content\/uploads\/2024\/08\/3.png","width":500,"height":500},{"@type":"BreadcrumbList","@id":"https:\/\/otomatec.com\/de\/produkt\/dsg-7-dq200-gasket-set\/#breadcrumb","itemListElement":[{"@type":"ListItem","position":1,"name":"Home","item":"https:\/\/otomatec.com\/de\/home2\/"},{"@type":"ListItem","position":2,"name":"Shop","item":"https:\/\/otomatec.com\/de\/shop\/"},{"@type":"ListItem","position":3,"name":"DSG 7 \/ DQ200 Dichtungssatz"}]},{"@type":"WebSite","@id":"https:\/\/otomatec.com\/de\/#website","url":"https:\/\/otomatec.com\/de\/","name":"Otomatec","description":"DSG Repair Kit","publisher":{"@id":"https:\/\/otomatec.com\/de\/#organization"},"potentialAction":[{"@type":"SearchAction","target":{"@type":"EntryPoint","urlTemplate":"https:\/\/otomatec.com\/de\/?s={search_term_string}"},"query-input":{"@type":"PropertyValueSpecification","valueRequired":true,"valueName":"search_term_string"}}],"inLanguage":"de"},{"@type":"Organization","@id":"https:\/\/otomatec.com\/de\/#organization","name":"Otomatec Autmotive Ltd.","url":"https:\/\/otomatec.com\/de\/","logo":{"@type":"ImageObject","inLanguage":"de","@id":"https:\/\/otomatec.com\/de\/#\/schema\/logo\/image\/","url":"https:\/\/otomatec.com\/wp-content\/uploads\/2022\/12\/Otomatec-4-1.png","contentUrl":"https:\/\/otomatec.com\/wp-content\/uploads\/2022\/12\/Otomatec-4-1.png","width":475,"height":82,"caption":"Otomatec Autmotive Ltd."},"image":{"@id":"https:\/\/otomatec.com\/de\/#\/schema\/logo\/image\/"}}]}},"_links":{"self":[{"href":"https:\/\/otomatec.com\/de\/wp-json\/wp\/v2\/product\/4743","targetHints":{"allow":["GET"]}}],"collection":[{"href":"https:\/\/otomatec.com\/de\/wp-json\/wp\/v2\/product"}],"about":[{"href":"https:\/\/otomatec.com\/de\/wp-json\/wp\/v2\/types\/product"}],"wp:featuredmedia":[{"embeddable":true,"href":"https:\/\/otomatec.com\/de\/wp-json\/wp\/v2\/media\/3891"}],"wp:attachment":[{"href":"https:\/\/otomatec.com\/de\/wp-json\/wp\/v2\/media?parent=4743"}],"wp:term":[{"taxonomy":"product_brand","embeddable":true,"href":"https:\/\/otomatec.com\/de\/wp-json\/wp\/v2\/product_brand?post=4743"},{"taxonomy":"product_cat","embeddable":true,"href":"https:\/\/otomatec.com\/de\/wp-json\/wp\/v2\/product_cat?post=4743"},{"taxonomy":"product_tag","embeddable":true,"href":"https:\/\/otomatec.com\/de\/wp-json\/wp\/v2\/product_tag?post=4743"}],"curies":[{"name":"wp","href":"https:\/\/api.w.org\/{rel}","templated":true}]}}